{"id":696,"date":"2018-03-22T12:11:14","date_gmt":"2018-03-22T10:11:14","guid":{"rendered":"https:\/\/www.milanga.lt\/?page_id=696"},"modified":"2021-03-04T16:31:44","modified_gmt":"2021-03-04T14:31:44","slug":"duru-akcija","status":"publish","type":"page","link":"https:\/\/mamutai.lt\/milagna\/paslaugos\/sarvuotos-durys\/duru-akcija\/","title":{"rendered":"Dur\u0173 akcija"},"content":{"rendered":"<p>[vc_row css_animation=&#8221;&#8221; row_type=&#8221;row&#8221; use_row_as_full_screen_section=&#8221;no&#8221; type=&#8221;full_width&#8221; angled_section=&#8221;no&#8221; text_align=&#8221;left&#8221; background_image_as_pattern=&#8221;without_pattern&#8221;][vc_column][vc_column_text]<\/p>\n<h2 style=\"text-align: center;\"><strong>\u0160arvuot\u0173 dur\u0173 komplektacijos<\/strong><\/h2>\n<h2 style=\"text-align: center;\"><strong>\u00a0<\/strong><\/h2>\n<p>[\/vc_column_text][\/vc_column][\/vc_row][vc_row css_animation=&#8221;&#8221; row_type=&#8221;row&#8221; use_row_as_full_screen_section=&#8221;no&#8221; type=&#8221;grid&#8221; angled_section=&#8221;no&#8221; text_align=&#8221;left&#8221; background_image_as_pattern=&#8221;without_pattern&#8221; css=&#8221;.vc_custom_1521217673251{margin-top: 50px !important;background-color: #ffffff !important;}&#8221; z_index=&#8221;&#8221;][vc_column][vc_column_text]<\/p>\n<div class=\"vc_row wpb_row wf-container\">\n<div class=\"wpb_column vc_column_container vc_col-sm-12\">\n<div class=\"vc_column-inner \">\n<div class=\"wpb_wrapper\">\n<div class=\"wpb_text_column wpb_content_element \">\n<div class=\"wpb_wrapper\">\n<h3>Buto dur\u0173 pasi\u016blymai:<\/h3>\n<p>&nbsp;<\/p>\n<table>\n<tbody>\n<tr>\n<td width=\"43\">Nr.<\/td>\n<td width=\"156\">Pavadinimas<\/td>\n<td width=\"293\">Spynos<\/td>\n<td width=\"164\"><\/td>\n<\/tr>\n<tr>\n<td width=\"43\">1<\/td>\n<td width=\"156\">EKO\u2013<\/td>\n<td width=\"293\">S PRO 3r.-viena spyna<\/td>\n<td width=\"164\"><\/td>\n<\/tr>\n<tr>\n<td width=\"43\">2<\/td>\n<td width=\"156\">EKO +<\/td>\n<td width=\"293\">S PRO\u00a0 3r.+SECUREMME 20360 5r.<strong><br \/>\n<\/strong><\/td>\n<td width=\"164\"><\/td>\n<\/tr>\n<tr>\n<td width=\"43\">3<\/td>\n<td width=\"156\">EKO STANDART<\/td>\n<td width=\"293\">S PRO 3r. + ISEO 663604N\u00a0 5r.<\/td>\n<td width=\"164\"><\/td>\n<\/tr>\n<tr>\n<td width=\"43\">4<\/td>\n<td width=\"156\">EKO STANDART +<\/td>\n<td width=\"293\">S PRO 3r.+ DIERRE 6000\u00a0 5r.<strong><br \/>\n<\/strong><\/td>\n<td width=\"164\"><\/td>\n<\/tr>\n<tr>\n<td width=\"43\">5<\/td>\n<td width=\"156\">STANDART<\/td>\n<td width=\"293\">S PRO\u00a0 3r.+ SECUREMME 2663 cilindrin\u0117 5r.\u00a0<strong><br \/>\n<\/strong><\/td>\n<td width=\"164\"><\/td>\n<\/tr>\n<tr>\n<td width=\"43\">6<\/td>\n<td width=\"156\">STANDART 2<\/td>\n<td width=\"293\">S PRO 3r. + ISEO FIAM 672 GF cilindrin\u0117 5r.<\/td>\n<td width=\"164\"><\/td>\n<\/tr>\n<tr>\n<td width=\"43\">7<\/td>\n<td width=\"156\">PREMIUM<\/td>\n<td width=\"293\">ABLOY LC-210 3r. +MOTTURA CHAMPION 85783\u00a0 cilindrin\u0117 3r.<\/td>\n<td width=\"164\"><\/td>\n<\/tr>\n<\/tbody>\n<\/table>\n<\/div>\n<\/div>\n<\/div>\n<\/div>\n<\/div>\n<\/div>\n<p>[\/vc_column_text][vc_empty_space][\/vc_column][\/vc_row][vc_row css_animation=&#8221;&#8221; row_type=&#8221;row&#8221; use_row_as_full_screen_section=&#8221;no&#8221; type=&#8221;full_width&#8221; angled_section=&#8221;no&#8221; text_align=&#8221;left&#8221; background_image_as_pattern=&#8221;without_pattern&#8221;][vc_column width=&#8221;2\/3&#8243;][vc_column_text]<\/p>\n<h3><strong>Papildomai galite u\u017esisakyti priedus:<\/strong><\/h3>\n<ul>\n<li>PVC apdaila su rai\u017einiais,<\/li>\n<li>chromuota vyri\u0173 apdaila,<\/li>\n<li>ner\u016bdijan\u010dio plieno slenkstis,<\/li>\n<li>vidiniai apvadai,<\/li>\n<li>vidinio angokra\u0161\u010dio apdaila i\u0161 LMDP,<\/li>\n<li>miltelinis staktos da\u017eymas, grandin\u0117l\u0117.<\/li>\n<\/ul>\n<p>&nbsp;<\/p>\n<p><strong>Papildoma informacija:<\/strong><\/p>\n<ul>\n<li>Dur\u0173 kainos nurodytos su montavimo darbais <strong>Vilniaus mieste<\/strong><\/li>\n<li><strong>\u012e paslaugas ne\u012feina sen\u0173 dur\u0173 i\u0161ve\u017eimas<\/strong><\/li>\n<li>S Pro cilindrui teikiama 5 met\u0173 garantija<\/li>\n<li>Papildomoms spynoms teikiama 2 met\u0173 garantija<\/li>\n<li>\u0160arvuot\u0173 dur\u0173 akcijos \u2013 kainos galioja standartin\u0117ms \u0161arvuotoms buto durims kuri\u0173 i\u0161matavimai nedidesni nei 2100 x 900<\/li>\n<\/ul>\n<p>&nbsp;<\/p>\n<p><a href=\"https:\/\/www.milanga.lt\/produkcija\/spynos\/\" target=\"_blank\" rel=\"noopener\">SPYNOS<\/a>[\/vc_column_text][vc_empty_space][\/vc_column][vc_column width=&#8221;1\/3&#8243;][vc_empty_space][vc_single_image image=&#8221;463&#8243; img_size=&#8221;medium&#8221; qode_css_animation=&#8221;&#8221;][\/vc_column][\/vc_row]<\/p>\n","protected":false},"excerpt":{"rendered":"<p>[vc_row css_animation=&#8221;&#8221; row_type=&#8221;row&#8221; use_row_as_full_screen_section=&#8221;no&#8221; type=&#8221;full_width&#8221; angled_section=&#8221;no&#8221; text_align=&#8221;left&#8221; background_image_as_pattern=&#8221;without_pattern&#8221;][vc_column][vc_column_text] \u0160arvuot\u0173 dur\u0173 komplektacijos \u00a0 [\/vc_column_text][\/vc_column][\/vc_row][vc_row css_animation=&#8221;&#8221; row_type=&#8221;row&#8221; use_row_as_full_screen_section=&#8221;no&#8221; type=&#8221;grid&#8221; angled_section=&#8221;no&#8221; text_align=&#8221;left&#8221; background_image_as_pattern=&#8221;without_pattern&#8221; css=&#8221;.vc_custom_1521217673251{margin-top: 50px !important;background-color: #ffffff !important;}&#8221; z_index=&#8221;&#8221;][vc_column][vc_column_text] Buto dur\u0173 pasi\u016blymai: &nbsp; Nr. Pavadinimas Spynos 1 EKO\u2013 S PRO 3r.-viena spyna 2 EKO + S PRO\u00a0 3r.+SECUREMME&#8230;<\/p>\n","protected":false},"author":1,"featured_media":0,"parent":481,"menu_order":0,"comment_status":"closed","ping_status":"closed","template":"","meta":{"footnotes":""},"_links":{"self":[{"href":"https:\/\/mamutai.lt\/milagna\/wp-json\/wp\/v2\/pages\/696"}],"collection":[{"href":"https:\/\/mamutai.lt\/milagna\/wp-json\/wp\/v2\/pages"}],"about":[{"href":"https:\/\/mamutai.lt\/milagna\/wp-json\/wp\/v2\/types\/page"}],"author":[{"embeddable":true,"href":"https:\/\/mamutai.lt\/milagna\/wp-json\/wp\/v2\/users\/1"}],"replies":[{"embeddable":true,"href":"https:\/\/mamutai.lt\/milagna\/wp-json\/wp\/v2\/comments?post=696"}],"version-history":[{"count":46,"href":"https:\/\/mamutai.lt\/milagna\/wp-json\/wp\/v2\/pages\/696\/revisions"}],"predecessor-version":[{"id":1021,"href":"https:\/\/mamutai.lt\/milagna\/wp-json\/wp\/v2\/pages\/696\/revisions\/1021"}],"up":[{"embeddable":true,"href":"https:\/\/mamutai.lt\/milagna\/wp-json\/wp\/v2\/pages\/481"}],"wp:attachment":[{"href":"https:\/\/mamutai.lt\/milagna\/wp-json\/wp\/v2\/media?parent=696"}],"curies":[{"name":"wp","href":"https:\/\/api.w.org\/{rel}","templated":true}]}}