{"id":620,"date":"2018-03-21T12:46:36","date_gmt":"2018-03-21T12:46:36","guid":{"rendered":"https:\/\/www.milanga.lt\/?page_id=620"},"modified":"2023-07-21T08:50:37","modified_gmt":"2023-07-21T05:50:37","slug":"montavimo-darbai","status":"publish","type":"page","link":"https:\/\/mamutai.lt\/milagna\/paslaugos\/montavimo-darbai\/","title":{"rendered":"Montavimo darbai"},"content":{"rendered":"<p>[vc_row css_animation=&#8221;&#8221; row_type=&#8221;row&#8221; use_row_as_full_screen_section=&#8221;no&#8221; type=&#8221;full_width&#8221; angled_section=&#8221;no&#8221; text_align=&#8221;left&#8221; background_image_as_pattern=&#8221;without_pattern&#8221;][vc_column width=&#8221;2\/3&#8243;][vc_empty_space][vc_column_text]<\/p>\n<div class=\"wpb_text_column wpb_content_element \">\n<div class=\"wpb_wrapper\">\n<p><strong>Energinio naudingumo klas\u0117s\u00a0 A, A+, A++<\/strong><\/p>\n<\/div>\n<\/div>\n<p>[\/vc_column_text][vc_column_text]<\/p>\n<div class=\"wpb_text_column wpb_content_element \">\n<div class=\"wpb_wrapper\">\n<p>Pastato energinio naudingumo klas\u0117 nusako, kiek energijos sunaudoja b\u016bstas. Lietuvoje visi naujai statomi pastatai privalo atitikti A+ energinio naudingumo klas\u0119, o nuo 2021 m. visi nauji pastatai tur\u0117s atitikti auk\u0161\u010diausi\u0105 A++ energetin\u0119 klas\u0119. Kuo auk\u0161tesn\u0117 klas\u0117 \u2013 tuo \u0161iltesnis b\u016bstas ir ma\u017eesn\u0117s energijos s\u0105naudos. Efektyvus ir taupus energijos naudojimas pastatuose yra vienas pagrindini\u0173 statyb\u0173 u\u017edavini\u0173.<\/p>\n<p>&nbsp;<\/p>\n<p>M\u016bs\u0173 \u012fmon\u0117s \u201eMilanga\u201c prioritetas \u2013 klientams pasi\u016blyti geriausius sprendimus plastikini\u0173 (PVC) lang\u0173 sistem\u0173 srityje. Visi PVC langai yra auk\u0161\u010diausios A++ energinio naudingumo klas\u0117s. Kokybi\u0161ka lang\u0173 sistema u\u017etikrina efektyvi\u0105 garso ir \u0161ilumos izoliacij\u0105. \u0160ilum\u0105 taupantis stiklo paketas ir PVC langai tinka pasyviam namui, net iki trij\u0173 kart\u0173 suma\u017eina namo, koted\u017eo ar buto i\u0161laidas, yra ilgaam\u017eiai, lengvai eksplotuojami ir montuojami.<\/p>\n<\/div>\n<\/div>\n<p>[\/vc_column_text][vc_empty_space][vc_column_text]<\/p>\n<div class=\"wpb_text_column wpb_content_element \">\n<div class=\"wpb_wrapper\">\n<p><strong>Taisyklingas lang\u0173 montavimas <\/strong><\/p>\n<\/div>\n<\/div>\n<p>[\/vc_column_text][vc_column_text]<\/p>\n<div class=\"wpb_text_column wpb_content_element \">\n<div class=\"wpb_wrapper\">\n<p>Auk\u0161\u010diausios kokyb\u0117s PVC langai gali sukelti problem\u0173 juos eksplotuojant, jei bus netinkamai sumontuoti arba bus pasitinktos netinkamos lang\u0173 montavimo med\u017eiagos, technologijos. \u201eMilanga\u201c PVC lang\u0173 pardavimo ir montavimo srityje jau sukaup\u0117 ilgamet\u0119 patirt\u012f, kuri leid\u017eia klientams pasi\u016blyti profesionalius sprendimus ir geriausias lang\u0173 montavimo technikas.<\/p>\n<p>&nbsp;<\/p>\n<p>M\u016bs\u0173 lang\u0173 montavimo specialistai pritaiko ger\u0105j\u0105 \u012fmon\u0117s praktik\u0105 ir sukauptas \u017einias ir remiasi \u201eNormatyviniais statybos techniniais dokumentais\u201c STR.1.01.05:2007, Respublikin\u0117s lang\u0173 ir dur\u0173 gamintoj\u0173 asociacijos oficialiomis statybos taisykl\u0117mis ST 2491109.01:2015 \u201eLang\u0173, dur\u0173 ir j\u0173 konstrukcij\u0173 montavimas\u201c, ir kitais statyb\u0173 proces\u0105 reglamentuojan\u010diais dokumentais.<\/p>\n<p>&nbsp;<\/p>\n<p><strong>Taisyklingas lang\u0173 montavimas paremtas \u0161iais pagrindiniais principais:<\/strong><\/p>\n<ul>\n<li>B\u016btina tinkamai \u012fvertinti pasirinkt\u0173 nauj\u0173 lang\u0173 technines specifikacijas, sien\u0173 konstrukcijas, ang\u0105 ar sienos i\u0161or\u0119, kurioje bus montuojamas langas ir parinkti individuali\u0105 montavimo technik\u0105, \u0161ilumos ir garso izoliacijos \u012frengimo technologij\u0105.<\/li>\n<li>Prie\u0161 kei\u010diant senus langus naujais ar statant naujus PVC langus privalomas atidus matavimas. Jis pad\u0117s i\u0161vengti statybos klaid\u0173, nesandarumo, \u201e\u0161al\u010dio tiltelio\u201c defekt\u0173.<\/li>\n<li>Reikia paruo\u0161ti montavimo ang\u0105 ar sienos i\u0161orin\u012f \u0161iltinam\u0105j\u012f sluoksn\u012f, kuriame bus montuojamas naujasis PVC langas. Svarbiausia \u2013 nepa\u017eeisti lango montavimo vietos angos ar sienos i\u0161or\u0117s, nepalikti i\u0161mu\u0161im\u0173, suma\u017einsian\u010di\u0173 lango eksplotavimo trukm\u0119.<\/li>\n<li>Sandarus izoliavimas. I\u0161 vidaus turi b\u016bti ypa\u010d sandaru, montuojant privaloma atsi\u017evelgti \u012f tai, kad dr\u0117gm\u0117 ir garas negal\u0117t\u0173 prasiskverbti \u012f apatin\u0117je lango dalyje esan\u010di\u0105 si\u016bl\u0119. Taip pat montavimo med\u017eiaga, putos privalo b\u016bti visi\u0161kai atsparios dr\u0117gmei ir garams.<\/li>\n<li>I\u0161orin\u0117 lango dalis turi b\u016bti apsaugota nuo vandens, dr\u0117gm\u0117s, v\u0117jo, UV spinduli\u0173 ir \u012fvairi\u0173 kit\u0173 nepageidaujam\u0173 gamtos rei\u0161kini\u0173, galin\u010di\u0173 pakenkti PVC lango garso ir \u0161ilumos izoliacijai. I\u0161orin\u0117 si\u016bl\u0117 taip pat turi b\u016bti hermetizuota.<\/li>\n<li>Kokybi\u0161k\u0173 med\u017eiag\u0173 pasirinkimas. Specialiai pritaikytos kokybi\u0161kos langams skirtos montavimo, sandarinimo putos, \u0161ilumin\u0117 izoliacin\u0117 med\u017eiaga, metaliniai ar stiklo pluo\u0161tai.<\/li>\n<li>B\u016btina \u012frengti tinkamas oro v\u0117dinimo sistemas. PVC languose yra integruoti special\u016bs v\u0117dinimo vo\u017etuvai.<\/li>\n<\/ul>\n<\/div>\n<\/div>\n<p>[\/vc_column_text][vc_empty_space][vc_column_text]<\/p>\n<div class=\"wpb_text_column wpb_content_element \">\n<div class=\"wpb_wrapper\">\n<p><strong>Lang\u0173 montavimas \u0161iltinamajame sluoksnyje<\/strong><\/p>\n<\/div>\n<\/div>\n<p>[\/vc_column_text][vc_column_text]<\/p>\n<div class=\"wpb_text_column wpb_content_element \">\n<div class=\"wpb_wrapper\">\n<h2>\u00a0Lang\u0173 montavimo darbai ir r\u016b\u0161ys<\/h2>\n<p>Lang\u0173 montavimo darbai &#8211; technologijos i\u0161skiriamos \u012f dvi r\u016b\u0161is: PVC langas gali b\u016bti montuojamas i\u0161 patalp\u0173 vidaus, pritaikytoje montavimo angoje arba i\u0161 pastat\u0173 i\u0161or\u0117s specialiame \u0161iltinamajame sluoksnyje. Pastarasis b\u016bdas \u2013 lango montavimo darbai termoizoliaciniame sluoksnyje \u2013 yra ypa\u010d efektyvus ir padeda \u017eenkliai suma\u017einti \u0161ilumos s\u0105naudas. Lango montavimas \u012f \u0161iltinam\u0105j\u012f sluoksn\u012f \u2013 moderniam namui pritaikytas sprendimas, \u0161iuolaikiniuose namuose leid\u017eiantis i\u0161vengti \u201e\u0161al\u010dio tilt\u0173\u201c.<\/p>\n<\/div>\n<\/div>\n<p>[\/vc_column_text][vc_empty_space][vc_column_text]<\/p>\n<div class=\"wpb_text_column wpb_content_element \">\n<div class=\"wpb_wrapper\">\n<p><strong>\u0160ilta montavimo sistema (WARMOTECH)<\/strong><\/p>\n<\/div>\n<\/div>\n<p>[\/vc_column_text][vc_column_text]<\/p>\n<div class=\"wpb_text_column wpb_content_element \">\n<div class=\"wpb_wrapper\">\n<h1><\/h1>\n<p>\u0160ilta montavimo sistema, arba, montavimas sluoksniais, neleid\u017eia patekti dr\u0117gmei \u012f sandarinimo sistem\u0105 ir \u012fprastai yra sudaryta i\u0161 trij\u0173 sluoksni\u0173: i\u0161orinio sandarinimo sluoksnio; vidurinio izoliacinio sluoksnio, vidinio sandarinimo sluoksnio.<\/p>\n<p>&nbsp;<\/p>\n<p>M\u016bs\u0173 montuotojai, siekdami u\u017etikrinti auk\u0161\u010diausi\u0105 kokyb\u0119 montuoja pasitelkdami \u0161ilum\u0105 sulaikan\u010dius WARMOTECH lang\u0173 montavimo profilius i\u0161 poliuretano konstrukcin\u0117s plok\u0161t\u0117s. WARMOTECH profiliai specialiai pritaikyti A, A+, A++ energin\u0117s klas\u0117s langams. Pasirinkta \u0161ilta montavimo sistema padeda efektyviai i\u0161laikyti lang\u0173 izoliacines savybes.<\/p>\n<\/div>\n<\/div>\n<p>[\/vc_column_text][vc_empty_space][vc_column_text]<\/p>\n<div class=\"wpb_text_column wpb_content_element \">\n<div class=\"wpb_wrapper\">\n<p><strong>\u0160alta montavimo sistema su metaliniais kron\u0161teinais <\/strong><\/p>\n<\/div>\n<\/div>\n<p>[\/vc_column_text][vc_column_text]<\/p>\n<div class=\"wpb_text_column wpb_content_element \">\n<div class=\"wpb_wrapper\">\n<h1><\/h1>\n<p>Montavimo sistema su metaliniais kron\u0161teinais taip pat pasi\u017eymi gera \u0161ilumos izoliacija. Tiesa, lango montavimui sluoksniais, ji kiek nusileid\u017eia savo izoliacin\u0117mis savyb\u0117mis, ta\u010diau yra ne ma\u017eiau ekonomi\u0161ka.<\/p>\n<p>&nbsp;<\/p>\n<p>PVC lang\u0105 montuojant \u0161iltinamajame sluoksnyje su specialiais metaliniais kron\u0161teinais galimas platus j\u0173 pasirinkimas, langas sumontuojamas tiksliai apskai\u010diuotoje pozicijoje. \u0160i tvirtinimo-sandarinimo sistema ypa\u010d tvirta \u2013 atspari sm\u016bgiams, atlaiko paties lango svor\u012f ir jam tenkan\u010dias apkrovas. Sertifikuoti metaliniai kron\u0161teinai atrodo esteti\u0161kai ir yra pritaikomi \u012fvairios energin\u0117s klas\u0117s langams \u2013 A, A+, A++ energin\u0117s klas\u0117s<\/p>\n<\/div>\n<\/div>\n<p>[\/vc_column_text][vc_empty_space][vc_column_text]<\/p>\n<div class=\"wpb_text_column wpb_content_element \">\n<div class=\"wpb_wrapper\">\n<p><strong>Stiklo paketai<\/strong><\/p>\n<\/div>\n<\/div>\n<p>[\/vc_column_text][vc_column_text]<\/p>\n<div class=\"wpb_text_column wpb_content_element \">\n<div class=\"wpb_wrapper\">\n<p>\u0160ilum\u0105 taupantys kokybi\u0161ki stiklo paketai \u2013 visuomet integruojami \u012f m\u016bs\u0173 lang\u0173 profilius. Jie sudaro did\u017eiaj\u0105 dal\u012f lango ir suteikia jam estetin\u012f vaizd\u0105. \u0160iuolaikiniai modern\u016bs stiklo paketai gerai izoliuoja gars\u0105, UV spindulius, yra stipr\u016bs ir atspar\u016bs sm\u016bgiams, nes pagaminti i\u0161 laminuoto ar gr\u016bdinto stiklo. B\u016bkite tikri, kad kiekviena lango dalis tarnauja j\u016bs\u0173 poreikiams.<\/p>\n<\/div>\n<\/div>\n<p>[\/vc_column_text][vc_empty_space][vc_column_text]<\/p>\n<div class=\"wpb_text_column wpb_content_element \">\n<div class=\"wpb_wrapper\">\n<p><strong>Kod\u0117l rasoja langai ir kaip to i\u0161vengti<\/strong><\/p>\n<\/div>\n<\/div>\n<p>[\/vc_column_text][vc_column_text]<\/p>\n<div class=\"wpb_text_column wpb_content_element \">\n<div class=\"wpb_wrapper\">\n<h1><\/h1>\n<p>Lang\u0173 rasojimas \u2013 da\u017ena problema, su kuria susiduriama ne tik senos statybos, ta\u010diau ir naujuose ar renovuotose b\u016bstuose. Da\u017enai ji atsiranda pakeitus senus medinius langus \u012f naujus plastikinius. Visgi tai yra i\u0161sprend\u017eiama pakankamai paprastai, tereikia \u012fvertinti prie\u017eastis ir imtis tinkam\u0173 j\u0173 pa\u0161alinimo b\u016bd\u0173.<\/p>\n<p>Populiariausios prie\u017eastys, kod\u0117l rasoja langai:<\/p>\n<ul>\n<li>Netinkama patalp\u0173 ventiliacija, kai patalpos n\u0117ra reguliariai v\u0117dinamos.<\/li>\n<li>Temperat\u016br\u0173 skirtumas, kai ypa\u010d skiriasi lauko ir vidaus temperat\u016bra.<\/li>\n<li>Dr\u0117gm\u0117 namuose.<\/li>\n<\/ul>\n<p>Sprendimo b\u016bdai:<\/p>\n<ul>\n<li>Rinkit\u0117s langus, kuriuose yra integruoti special\u016bs v\u0117dinimo vo\u017etuvai arba \u012ftaisytos orlaid\u0117s.<\/li>\n<li>Reguliariai v\u0117dinkite patalpas.<\/li>\n<li>Auk\u0161\u010diausios kokyb\u0117s stiklo paketai pad\u0117s i\u0161vengti susidaran\u010dio vandens gar\u0173 kondensato. O jeigu stiklo paketo viduje pamatysite kondensat\u0105, rasojim\u0105 \u2013 pats laikas stiklo paket\u0105 pakeisti nauju.<\/li>\n<li>Langai privalo pasi\u017eym\u0117ti auk\u0161\u010diausios klas\u0117s termoizoliacin\u0117mis savyb\u0117mis, antraip \u017eenkliai sutrump\u0117s j\u0173 eksplotavimo trukm\u0117.<\/li>\n<\/ul>\n<\/div>\n<\/div>\n<p>[\/vc_column_text][vc_empty_space][vc_column_text]<\/p>\n<div class=\"wpb_text_column wpb_content_element \">\n<div class=\"wpb_wrapper\">\n<p><strong>Lang\u0173 prie\u017ei\u016bra<\/strong><\/p>\n<\/div>\n<\/div>\n<p>[\/vc_column_text][vc_column_text]<\/p>\n<div class=\"wpb_text_column wpb_content_element \">\n<div class=\"wpb_wrapper\">\n<p>Nor\u0117dami, kad j\u016bs\u0173 naujieji plastikiniai langai tarnaut\u0173 ilgai ir i\u0161laikyt\u0173 visas savo izoliacines ir kitas vertingas savybes, privalote tinkamai\u00a0 jais pasir\u016bpinti ir reguliariai atlikti profilaktikos darbus:<\/p>\n<ul>\n<li>Patikrinti varstym\u0105 ir atidarym\u0105 bei u\u017edarym\u0105 ir visas judan\u010dias apkaust\u0173 dalis sutepti ma\u0161inine alyva.<\/li>\n<li>Patikrinti sandarum\u0105 tarp var\u010dios ir staktos. Tarpines nuvalyti ir patepti specialiu\u00a0 tepalu. Pa\u017eeistas tarpines pakeisti.<\/li>\n<li>I\u0161valyti u\u017eter\u0161tas drena\u017eo ertmes.<\/li>\n<li>Patikrinti apkaust\u0173 tvirtinimo var\u017etus.<\/li>\n<\/ul>\n<p>Taip pat b\u016btina reguliariai valyti langus vandeniu ar buitin\u0117mis valymo priemon\u0117mis, rekomenduojama naudoti special\u0173 PVC profili\u0173 valikl\u012f, kuris gerai nuvalo ir atnaujina plastikin\u012f pavir\u0161i\u0173.<\/p>\n<p>&nbsp;<\/p>\n<p>Pagrindinis m\u016bs\u0173 prioritetas \u2013 Jums pasi\u016blyti kokyb\u0119 ir geriausius sprendimus PVC lang\u0173 sistem\u0173 srityje. \u012emon\u0117s darbuotojai, tiek\u0117jai ir partneriai \u0161ioje srityje dirba jau ne vien\u0105 de\u0161imtmet\u012f. Visuomet patarsime, kaip tinkamai eksplotuoti gaminius, kaip juos sumontuoti ir atsakysime \u012f kitus klausimus.<\/p>\n<p>&nbsp;<\/p>\n<\/div>\n<\/div>\n<p>[\/vc_column_text][vc_empty_space][\/vc_column][vc_column width=&#8221;1\/3&#8243;][vc_gallery interval=&#8221;3&#8243; images=&#8221;776,775,720,777,721,722,723,724&#8243; img_size=&#8221;large&#8221; direction_nav=&#8221;yes&#8221; control_nav=&#8221;yes&#8221;][vc_empty_space][\/vc_column][\/vc_row]<\/p>\n","protected":false},"excerpt":{"rendered":"<p>[vc_row css_animation=&#8221;&#8221; row_type=&#8221;row&#8221; use_row_as_full_screen_section=&#8221;no&#8221; type=&#8221;full_width&#8221; angled_section=&#8221;no&#8221; text_align=&#8221;left&#8221; background_image_as_pattern=&#8221;without_pattern&#8221;][vc_column width=&#8221;2\/3&#8243;][vc_empty_space][vc_column_text] Energinio naudingumo klas\u0117s\u00a0 A, A+, A++ [\/vc_column_text][vc_column_text] Pastato energinio naudingumo klas\u0117 nusako, kiek energijos sunaudoja b\u016bstas. Lietuvoje visi naujai statomi pastatai privalo atitikti A+ energinio naudingumo klas\u0119, o nuo 2021 m. visi nauji pastatai tur\u0117s atitikti&#8230;<\/p>\n","protected":false},"author":1,"featured_media":0,"parent":159,"menu_order":0,"comment_status":"closed","ping_status":"closed","template":"","meta":{"footnotes":""},"_links":{"self":[{"href":"https:\/\/mamutai.lt\/milagna\/wp-json\/wp\/v2\/pages\/620"}],"collection":[{"href":"https:\/\/mamutai.lt\/milagna\/wp-json\/wp\/v2\/pages"}],"about":[{"href":"https:\/\/mamutai.lt\/milagna\/wp-json\/wp\/v2\/types\/page"}],"author":[{"embeddable":true,"href":"https:\/\/mamutai.lt\/milagna\/wp-json\/wp\/v2\/users\/1"}],"replies":[{"embeddable":true,"href":"https:\/\/mamutai.lt\/milagna\/wp-json\/wp\/v2\/comments?post=620"}],"version-history":[{"count":27,"href":"https:\/\/mamutai.lt\/milagna\/wp-json\/wp\/v2\/pages\/620\/revisions"}],"predecessor-version":[{"id":1056,"href":"https:\/\/mamutai.lt\/milagna\/wp-json\/wp\/v2\/pages\/620\/revisions\/1056"}],"up":[{"embeddable":true,"href":"https:\/\/mamutai.lt\/milagna\/wp-json\/wp\/v2\/pages\/159"}],"wp:attachment":[{"href":"https:\/\/mamutai.lt\/milagna\/wp-json\/wp\/v2\/media?parent=620"}],"curies":[{"name":"wp","href":"https:\/\/api.w.org\/{rel}","templated":true}]}}