{"id":574,"date":"2018-03-21T12:21:33","date_gmt":"2018-03-21T12:21:33","guid":{"rendered":"https:\/\/www.milanga.lt\/?page_id=574"},"modified":"2020-07-02T09:14:20","modified_gmt":"2020-07-02T06:14:20","slug":"okuome-standartines-spalvos","status":"publish","type":"page","link":"https:\/\/mamutai.lt\/milagna\/paslaugos\/sarvuotos-durys\/okuome-standartines-spalvos\/","title":{"rendered":"OKUOME standartin\u0117s spalvos"},"content":{"rendered":"<p>[vc_row css_animation=&#8221;&#8221; row_type=&#8221;row&#8221; use_row_as_full_screen_section=&#8221;no&#8221; type=&#8221;full_width&#8221; angled_section=&#8221;no&#8221; text_align=&#8221;left&#8221; background_image_as_pattern=&#8221;without_pattern&#8221;][vc_column][vc_column_text]OKOUME \u2013 plok\u0161t\u0117 yra atspari dr\u0117gmei ir kitam klimato poveikiui.<\/p>\n<p>OKOUME apdailos plok\u0161t\u0117s strukt\u016bra:<\/p>\n<p>Plok\u0161t\u0117s pavir\u0161ius yra i\u0161 gabonmed\u017eio (Afrikoje augantis medis, naudojamas laiv\u0173 gamyboje) luk\u0161to, apa\u010dia ir vidurinis sluoksnis i\u0161 tos pa\u010dios medienos, ta\u010diau kitokio apdirbimo. Tarpiniai plok\u0161t\u0117s sluoksniai yra i\u0161 mink\u0161tesn\u0117s medienos raudonmed\u017eio.<\/p>\n<p>Pagal u\u017esakovo pageidavim\u0105 ant plok\u0161t\u0117s frezuojamas ra\u0161tas i\u0161 si\u016blomos ra\u0161t\u0173 \u012fvairov\u0117s.<\/p>\n<p>Taip pat galime sukurti individual\u0173 ra\u0161t\u0105 arba atkurti ra\u0161t\u0105 pagal tam tikrus parametrus.<\/p>\n<p>OKOUME plok\u0161t\u0117 impregnuojama, gruntuojama ir lakuojama naudojant profesionali\u0105 produkcij\u0105. \u0160ios produkcijos d\u0117ka, plok\u0161t\u0117 optimaliai apsaugoma.<\/p>\n<p>Plok\u0161t\u0117s storis \u2013 12mm, apvad\u0173 storis \u2013 18mm.<\/p>\n<p>Si\u016bloma spalv\u0173 palet\u0117 sudaryta i\u0161 keturi\u0173 spalv\u0173:[\/vc_column_text][\/vc_column][\/vc_row][vc_row css_animation=&#8221;&#8221; row_type=&#8221;row&#8221; use_row_as_full_screen_section=&#8221;no&#8221; type=&#8221;full_width&#8221; angled_section=&#8221;no&#8221; text_align=&#8221;center&#8221; background_image_as_pattern=&#8221;without_pattern&#8221; z_index=&#8221;&#8221;][vc_column][vc_empty_space]<div class=\"qode-advanced-image-gallery  qode-aig-grid-type qode-tiny-space  qode-image-behavior-lightbox \">\r\n\t<div class=\"qode-aig-inner qode-outer-space qode-aig-grid qode-aig-four-columns\">\r\n\t\t\t\t\t<div class=\"qode-aig-image qode-item-space\">\r\n\t\t\t\t<div class=\"qode-aig-image-inner\">\r\n\t\t\t\t\t\t\t\t\t\t\t<a itemprop=\"image\" class=\"qode-aig-lightbox\" href=\"https:\/\/mamutai.lt\/milagna\/wp-content\/uploads\/2018\/03\/raudonmedis.jpg\" data-rel=\"prettyPhoto[image_gallery_pretty_photo-861]\" title=\"raudonmedis\">\r\n\t\t\t\t\t\t\t\t\t\t\t<img width=\"150\" height=\"150\" src=\"https:\/\/mamutai.lt\/milagna\/wp-content\/uploads\/2018\/03\/raudonmedis-150x150.jpg\" class=\"attachment-thumbnail size-thumbnail\" alt=\"raudonmedis\" decoding=\"async\" loading=\"lazy\" srcset=\"https:\/\/mamutai.lt\/milagna\/wp-content\/uploads\/2018\/03\/raudonmedis-150x150.jpg 150w, https:\/\/mamutai.lt\/milagna\/wp-content\/uploads\/2018\/03\/raudonmedis-300x300.jpg 300w, https:\/\/mamutai.lt\/milagna\/wp-content\/uploads\/2018\/03\/raudonmedis.jpg 361w\" sizes=\"(max-width: 150px) 100vw, 150px\" \/>\t\t\t\t\t\t<span class=\"aig-gallery-hover\">\r\n\t\t\t\t\t\t\t\t\t\t\t\t\t\t\t<span class=\"icon-arrows-plus\"><\/span> \r\n\t\t\t\t\t\t\t\t\t\t\t\t\t<\/span>\r\n\t\t\t\t\t\t\t\t\t\t\t<\/a>\r\n\t\t\t\t\t\t\t\t\t<\/div>\r\n\t\t\t<\/div>\r\n\t\t\t\t\t<div class=\"qode-aig-image qode-item-space\">\r\n\t\t\t\t<div class=\"qode-aig-image-inner\">\r\n\t\t\t\t\t\t\t\t\t\t\t<a itemprop=\"image\" class=\"qode-aig-lightbox\" href=\"https:\/\/mamutai.lt\/milagna\/wp-content\/uploads\/2018\/03\/riesutas.jpg\" data-rel=\"prettyPhoto[image_gallery_pretty_photo-861]\" title=\"riesutas\">\r\n\t\t\t\t\t\t\t\t\t\t\t<img width=\"150\" height=\"150\" src=\"https:\/\/mamutai.lt\/milagna\/wp-content\/uploads\/2018\/03\/riesutas-150x150.jpg\" class=\"attachment-thumbnail size-thumbnail\" alt=\"riesutas\" decoding=\"async\" loading=\"lazy\" \/>\t\t\t\t\t\t<span class=\"aig-gallery-hover\">\r\n\t\t\t\t\t\t\t\t\t\t\t\t\t\t\t<span class=\"icon-arrows-plus\"><\/span> \r\n\t\t\t\t\t\t\t\t\t\t\t\t\t<\/span>\r\n\t\t\t\t\t\t\t\t\t\t\t<\/a>\r\n\t\t\t\t\t\t\t\t\t<\/div>\r\n\t\t\t<\/div>\r\n\t\t\t\t\t<div class=\"qode-aig-image qode-item-space\">\r\n\t\t\t\t<div class=\"qode-aig-image-inner\">\r\n\t\t\t\t\t\t\t\t\t\t\t<a itemprop=\"image\" class=\"qode-aig-lightbox\" href=\"https:\/\/mamutai.lt\/milagna\/wp-content\/uploads\/2018\/03\/sviesus_azuolas.jpg\" data-rel=\"prettyPhoto[image_gallery_pretty_photo-861]\" title=\"sviesus_azuolas\">\r\n\t\t\t\t\t\t\t\t\t\t\t<img width=\"150\" height=\"150\" src=\"https:\/\/mamutai.lt\/milagna\/wp-content\/uploads\/2018\/03\/sviesus_azuolas-150x150.jpg\" class=\"attachment-thumbnail size-thumbnail\" alt=\"sviesus_azuolas\" decoding=\"async\" loading=\"lazy\" srcset=\"https:\/\/mamutai.lt\/milagna\/wp-content\/uploads\/2018\/03\/sviesus_azuolas-150x150.jpg 150w, https:\/\/mamutai.lt\/milagna\/wp-content\/uploads\/2018\/03\/sviesus_azuolas-300x300.jpg 300w, https:\/\/mamutai.lt\/milagna\/wp-content\/uploads\/2018\/03\/sviesus_azuolas.jpg 389w\" sizes=\"(max-width: 150px) 100vw, 150px\" \/>\t\t\t\t\t\t<span class=\"aig-gallery-hover\">\r\n\t\t\t\t\t\t\t\t\t\t\t\t\t\t\t<span class=\"icon-arrows-plus\"><\/span> \r\n\t\t\t\t\t\t\t\t\t\t\t\t\t<\/span>\r\n\t\t\t\t\t\t\t\t\t\t\t<\/a>\r\n\t\t\t\t\t\t\t\t\t<\/div>\r\n\t\t\t<\/div>\r\n\t\t\t\t\t<div class=\"qode-aig-image qode-item-space\">\r\n\t\t\t\t<div class=\"qode-aig-image-inner\">\r\n\t\t\t\t\t\t\t\t\t\t\t<a itemprop=\"image\" class=\"qode-aig-lightbox\" href=\"https:\/\/mamutai.lt\/milagna\/wp-content\/uploads\/2018\/03\/tikas.jpg\" data-rel=\"prettyPhoto[image_gallery_pretty_photo-861]\" title=\"tikas\">\r\n\t\t\t\t\t\t\t\t\t\t\t<img width=\"150\" height=\"150\" src=\"https:\/\/mamutai.lt\/milagna\/wp-content\/uploads\/2018\/03\/tikas-150x150.jpg\" class=\"attachment-thumbnail size-thumbnail\" alt=\"tikas\" decoding=\"async\" loading=\"lazy\" srcset=\"https:\/\/mamutai.lt\/milagna\/wp-content\/uploads\/2018\/03\/tikas-150x150.jpg 150w, https:\/\/mamutai.lt\/milagna\/wp-content\/uploads\/2018\/03\/tikas-300x300.jpg 300w, https:\/\/mamutai.lt\/milagna\/wp-content\/uploads\/2018\/03\/tikas.jpg 361w\" sizes=\"(max-width: 150px) 100vw, 150px\" \/>\t\t\t\t\t\t<span class=\"aig-gallery-hover\">\r\n\t\t\t\t\t\t\t\t\t\t\t\t\t\t\t<span class=\"icon-arrows-plus\"><\/span> \r\n\t\t\t\t\t\t\t\t\t\t\t\t\t<\/span>\r\n\t\t\t\t\t\t\t\t\t\t\t<\/a>\r\n\t\t\t\t\t\t\t\t\t<\/div>\r\n\t\t\t<\/div>\r\n\t\t\t<\/div>\r\n<\/div>[vc_empty_space][\/vc_column][\/vc_row]<\/p>\n","protected":false},"excerpt":{"rendered":"<p>[vc_row css_animation=&#8221;&#8221; row_type=&#8221;row&#8221; use_row_as_full_screen_section=&#8221;no&#8221; type=&#8221;full_width&#8221; angled_section=&#8221;no&#8221; text_align=&#8221;left&#8221; background_image_as_pattern=&#8221;without_pattern&#8221;][vc_column][vc_column_text]OKOUME \u2013 plok\u0161t\u0117 yra atspari dr\u0117gmei ir kitam klimato poveikiui. OKOUME apdailos plok\u0161t\u0117s strukt\u016bra: Plok\u0161t\u0117s pavir\u0161ius yra i\u0161 gabonmed\u017eio (Afrikoje augantis medis, naudojamas laiv\u0173 gamyboje) luk\u0161to, apa\u010dia ir vidurinis sluoksnis i\u0161 tos pa\u010dios medienos, ta\u010diau kitokio apdirbimo. Tarpiniai&#8230;<\/p>\n","protected":false},"author":1,"featured_media":0,"parent":481,"menu_order":0,"comment_status":"closed","ping_status":"closed","template":"","meta":{"footnotes":""},"_links":{"self":[{"href":"https:\/\/mamutai.lt\/milagna\/wp-json\/wp\/v2\/pages\/574"}],"collection":[{"href":"https:\/\/mamutai.lt\/milagna\/wp-json\/wp\/v2\/pages"}],"about":[{"href":"https:\/\/mamutai.lt\/milagna\/wp-json\/wp\/v2\/types\/page"}],"author":[{"embeddable":true,"href":"https:\/\/mamutai.lt\/milagna\/wp-json\/wp\/v2\/users\/1"}],"replies":[{"embeddable":true,"href":"https:\/\/mamutai.lt\/milagna\/wp-json\/wp\/v2\/comments?post=574"}],"version-history":[{"count":5,"href":"https:\/\/mamutai.lt\/milagna\/wp-json\/wp\/v2\/pages\/574\/revisions"}],"predecessor-version":[{"id":998,"href":"https:\/\/mamutai.lt\/milagna\/wp-json\/wp\/v2\/pages\/574\/revisions\/998"}],"up":[{"embeddable":true,"href":"https:\/\/mamutai.lt\/milagna\/wp-json\/wp\/v2\/pages\/481"}],"wp:attachment":[{"href":"https:\/\/mamutai.lt\/milagna\/wp-json\/wp\/v2\/media?parent=574"}],"curies":[{"name":"wp","href":"https:\/\/api.w.org\/{rel}","templated":true}]}}