{"id":521,"date":"2018-03-21T12:09:51","date_gmt":"2018-03-21T12:09:51","guid":{"rendered":"https:\/\/www.milanga.lt\/?page_id=521"},"modified":"2020-07-02T09:07:17","modified_gmt":"2020-07-02T06:07:17","slug":"lmdp-spalvos","status":"publish","type":"page","link":"https:\/\/mamutai.lt\/milagna\/paslaugos\/sarvuotos-durys\/lmdp-spalvos\/","title":{"rendered":"LMDP spalvos"},"content":{"rendered":"<p>[vc_row css_animation=&#8221;&#8221; row_type=&#8221;row&#8221; use_row_as_full_screen_section=&#8221;no&#8221; type=&#8221;full_width&#8221; angled_section=&#8221;no&#8221; text_align=&#8221;left&#8221; background_image_as_pattern=&#8221;without_pattern&#8221;][vc_column][vc_column_text]Medienos dro\u017eli\u0173 plok\u0161t\u0117 (MDP) \u2013 trij\u0173 sluoksni\u0173, supresuota, nu\u0161lifuota medienos dro\u017eli\u0173 plok\u0161t\u0117, atitinkanti emisijos E1\/2 standartus. Kar\u0161to preso pagalba abi pus\u0117s apklijuojamos laminatu \u2013 popieriumi, \u012fmirkytu melamino derva. Laminuotas LMDP pavir\u0161ius tampa atsparesnis dr\u0117gmei, i\u0161or\u0117s veiksniams ir auk\u0161tesnei temperat\u016brai. Auk\u0161\u010diausios kokyb\u0117s \u017ealiava \u0161iuolaikinei bald\u0173 ir dur\u0173 gamybai. Lauko s\u0105lygoms ji netinkama d\u0117l per didelio dr\u0117gm\u0117s \u012fsisavinimo. LMDP pavir\u0161i\u0173 rekomenduojama naudoti buto \u012f\u0117jimo dur\u0173 gamyboje. D\u0117ka savo patrauklios kainos jis ypa\u010d populiarus. LMDP pavir\u0161ius gali b\u016bti pasirenkamas i\u0161 pla\u010dios spalv\u0173 palet\u0117s. Da\u017eniausiai dur\u0173 gamybai naudojama 12 mm storio LMDP plok\u0161t\u0117, o apvadams 18 mm storio. Jeigu durys u\u017esakomos kartu su vidaus apvadais, tuomet vidin\u0117s plok\u0161t\u0117s storis siekia 18 mm, o tai pagerina garso ir \u0161ilumos savybes.[\/vc_column_text][\/vc_column][\/vc_row][vc_row css_animation=&#8221;&#8221; row_type=&#8221;row&#8221; use_row_as_full_screen_section=&#8221;no&#8221; type=&#8221;full_width&#8221; angled_section=&#8221;no&#8221; text_align=&#8221;center&#8221; background_image_as_pattern=&#8221;without_pattern&#8221; z_index=&#8221;&#8221;][vc_column width=&#8221;1\/2&#8243;][vc_empty_space]<div class=\"qode-advanced-image-gallery  qode-aig-grid-type qode-tiny-space  qode-image-behavior-lightbox \">\r\n\t<div class=\"qode-aig-inner qode-outer-space qode-aig-grid qode-aig-four-columns\">\r\n\t\t\t\t\t<div class=\"qode-aig-image qode-item-space\">\r\n\t\t\t\t<div class=\"qode-aig-image-inner\">\r\n\t\t\t\t\t\t\t\t\t\t\t<a itemprop=\"image\" class=\"qode-aig-lightbox\" href=\"https:\/\/mamutai.lt\/milagna\/wp-content\/uploads\/2018\/03\/100-\u0104\u017dUOLAS-SENDINTAS.jpg\" data-rel=\"prettyPhoto[image_gallery_pretty_photo-292]\" title=\"100-\u0104\u017dUOLAS-SENDINTAS\">\r\n\t\t\t\t\t\t\t\t\t\t\t<img width=\"150\" height=\"150\" src=\"https:\/\/mamutai.lt\/milagna\/wp-content\/uploads\/2018\/03\/100-\u0104\u017dUOLAS-SENDINTAS-150x150.jpg\" class=\"attachment-thumbnail size-thumbnail\" alt=\"\u0104\u017dUOLAS-SENDINTAS\" decoding=\"async\" loading=\"lazy\" srcset=\"https:\/\/mamutai.lt\/milagna\/wp-content\/uploads\/2018\/03\/100-\u0104\u017dUOLAS-SENDINTAS-150x150.jpg 150w, https:\/\/mamutai.lt\/milagna\/wp-content\/uploads\/2018\/03\/100-\u0104\u017dUOLAS-SENDINTAS-302x303.jpg 302w\" sizes=\"(max-width: 150px) 100vw, 150px\" \/>\t\t\t\t\t\t<span class=\"aig-gallery-hover\">\r\n\t\t\t\t\t\t\t\t\t\t\t\t\t\t\t<span class=\"icon-arrows-plus\"><\/span> \r\n\t\t\t\t\t\t\t\t\t\t\t\t\t<\/span>\r\n\t\t\t\t\t\t\t\t\t\t\t<\/a>\r\n\t\t\t\t\t\t\t\t\t<\/div>\r\n\t\t\t<\/div>\r\n\t\t\t\t\t<div class=\"qode-aig-image qode-item-space\">\r\n\t\t\t\t<div class=\"qode-aig-image-inner\">\r\n\t\t\t\t\t\t\t\t\t\t\t<a itemprop=\"image\" class=\"qode-aig-lightbox\" href=\"https:\/\/mamutai.lt\/milagna\/wp-content\/uploads\/2018\/03\/2101-ALKSNIS.jpg\" data-rel=\"prettyPhoto[image_gallery_pretty_photo-292]\" title=\"2101-ALKSNIS\">\r\n\t\t\t\t\t\t\t\t\t\t\t<img width=\"150\" height=\"150\" src=\"https:\/\/mamutai.lt\/milagna\/wp-content\/uploads\/2018\/03\/2101-ALKSNIS-150x150.jpg\" class=\"attachment-thumbnail size-thumbnail\" alt=\"ALKSNIS\" decoding=\"async\" loading=\"lazy\" srcset=\"https:\/\/mamutai.lt\/milagna\/wp-content\/uploads\/2018\/03\/2101-ALKSNIS-150x150.jpg 150w, https:\/\/mamutai.lt\/milagna\/wp-content\/uploads\/2018\/03\/2101-ALKSNIS-303x303.jpg 303w\" sizes=\"(max-width: 150px) 100vw, 150px\" \/>\t\t\t\t\t\t<span class=\"aig-gallery-hover\">\r\n\t\t\t\t\t\t\t\t\t\t\t\t\t\t\t<span class=\"icon-arrows-plus\"><\/span> \r\n\t\t\t\t\t\t\t\t\t\t\t\t\t<\/span>\r\n\t\t\t\t\t\t\t\t\t\t\t<\/a>\r\n\t\t\t\t\t\t\t\t\t<\/div>\r\n\t\t\t<\/div>\r\n\t\t\t\t\t<div class=\"qode-aig-image qode-item-space\">\r\n\t\t\t\t<div class=\"qode-aig-image-inner\">\r\n\t\t\t\t\t\t\t\t\t\t\t<a itemprop=\"image\" class=\"qode-aig-lightbox\" href=\"https:\/\/mamutai.lt\/milagna\/wp-content\/uploads\/2018\/03\/2204-\u0104\u017dUOLAS-TAMSUS.jpg\" data-rel=\"prettyPhoto[image_gallery_pretty_photo-292]\" title=\"2204-\u0104\u017dUOLAS-TAMSUS\">\r\n\t\t\t\t\t\t\t\t\t\t\t<img width=\"150\" height=\"150\" src=\"https:\/\/mamutai.lt\/milagna\/wp-content\/uploads\/2018\/03\/2204-\u0104\u017dUOLAS-TAMSUS-150x150.jpg\" class=\"attachment-thumbnail size-thumbnail\" alt=\"\u0104\u017dUOLAS-TAMSUS\" decoding=\"async\" loading=\"lazy\" srcset=\"https:\/\/mamutai.lt\/milagna\/wp-content\/uploads\/2018\/03\/2204-\u0104\u017dUOLAS-TAMSUS-150x150.jpg 150w, https:\/\/mamutai.lt\/milagna\/wp-content\/uploads\/2018\/03\/2204-\u0104\u017dUOLAS-TAMSUS-304x303.jpg 304w\" sizes=\"(max-width: 150px) 100vw, 150px\" \/>\t\t\t\t\t\t<span class=\"aig-gallery-hover\">\r\n\t\t\t\t\t\t\t\t\t\t\t\t\t\t\t<span class=\"icon-arrows-plus\"><\/span> \r\n\t\t\t\t\t\t\t\t\t\t\t\t\t<\/span>\r\n\t\t\t\t\t\t\t\t\t\t\t<\/a>\r\n\t\t\t\t\t\t\t\t\t<\/div>\r\n\t\t\t<\/div>\r\n\t\t\t\t\t<div class=\"qode-aig-image qode-item-space\">\r\n\t\t\t\t<div class=\"qode-aig-image-inner\">\r\n\t\t\t\t\t\t\t\t\t\t\t<a itemprop=\"image\" class=\"qode-aig-lightbox\" href=\"https:\/\/mamutai.lt\/milagna\/wp-content\/uploads\/2018\/03\/2207-\u0104\u017dUOLAS-SEDAN.jpg\" data-rel=\"prettyPhoto[image_gallery_pretty_photo-292]\" title=\"2207-\u0104\u017dUOLAS-SEDAN\">\r\n\t\t\t\t\t\t\t\t\t\t\t<img width=\"150\" height=\"150\" src=\"https:\/\/mamutai.lt\/milagna\/wp-content\/uploads\/2018\/03\/2207-\u0104\u017dUOLAS-SEDAN-150x150.jpg\" class=\"attachment-thumbnail size-thumbnail\" alt=\"\u0104\u017dUOLAS-SEDAN\" decoding=\"async\" loading=\"lazy\" srcset=\"https:\/\/mamutai.lt\/milagna\/wp-content\/uploads\/2018\/03\/2207-\u0104\u017dUOLAS-SEDAN-150x150.jpg 150w, https:\/\/mamutai.lt\/milagna\/wp-content\/uploads\/2018\/03\/2207-\u0104\u017dUOLAS-SEDAN-303x303.jpg 303w\" sizes=\"(max-width: 150px) 100vw, 150px\" \/>\t\t\t\t\t\t<span class=\"aig-gallery-hover\">\r\n\t\t\t\t\t\t\t\t\t\t\t\t\t\t\t<span class=\"icon-arrows-plus\"><\/span> \r\n\t\t\t\t\t\t\t\t\t\t\t\t\t<\/span>\r\n\t\t\t\t\t\t\t\t\t\t\t<\/a>\r\n\t\t\t\t\t\t\t\t\t<\/div>\r\n\t\t\t<\/div>\r\n\t\t\t\t\t<div class=\"qode-aig-image qode-item-space\">\r\n\t\t\t\t<div class=\"qode-aig-image-inner\">\r\n\t\t\t\t\t\t\t\t\t\t\t<a itemprop=\"image\" class=\"qode-aig-lightbox\" href=\"https:\/\/mamutai.lt\/milagna\/wp-content\/uploads\/2018\/03\/2208-\u0104\u017dUOLAS-NAUJAS.jpg\" data-rel=\"prettyPhoto[image_gallery_pretty_photo-292]\" title=\"2208-\u0104\u017dUOLAS-NAUJAS\">\r\n\t\t\t\t\t\t\t\t\t\t\t<img width=\"150\" height=\"150\" src=\"https:\/\/mamutai.lt\/milagna\/wp-content\/uploads\/2018\/03\/2208-\u0104\u017dUOLAS-NAUJAS-150x150.jpg\" class=\"attachment-thumbnail size-thumbnail\" alt=\"\u0104\u017dUOLAS-NAUJAS\" decoding=\"async\" loading=\"lazy\" \/>\t\t\t\t\t\t<span class=\"aig-gallery-hover\">\r\n\t\t\t\t\t\t\t\t\t\t\t\t\t\t\t<span class=\"icon-arrows-plus\"><\/span> \r\n\t\t\t\t\t\t\t\t\t\t\t\t\t<\/span>\r\n\t\t\t\t\t\t\t\t\t\t\t<\/a>\r\n\t\t\t\t\t\t\t\t\t<\/div>\r\n\t\t\t<\/div>\r\n\t\t\t\t\t<div class=\"qode-aig-image qode-item-space\">\r\n\t\t\t\t<div class=\"qode-aig-image-inner\">\r\n\t\t\t\t\t\t\t\t\t\t\t<a itemprop=\"image\" class=\"qode-aig-lightbox\" href=\"https:\/\/mamutai.lt\/milagna\/wp-content\/uploads\/2018\/03\/2227-\u0104\u017dUOLAS-\u0160VIESUS.jpg\" data-rel=\"prettyPhoto[image_gallery_pretty_photo-292]\" title=\"2227-\u0104\u017dUOLAS-\u0160VIESUS\">\r\n\t\t\t\t\t\t\t\t\t\t\t<img width=\"150\" height=\"150\" src=\"https:\/\/mamutai.lt\/milagna\/wp-content\/uploads\/2018\/03\/2227-\u0104\u017dUOLAS-\u0160VIESUS-150x150.jpg\" class=\"attachment-thumbnail size-thumbnail\" alt=\"\u0104\u017dUOLAS-\u0160VIESUS\" decoding=\"async\" loading=\"lazy\" srcset=\"https:\/\/mamutai.lt\/milagna\/wp-content\/uploads\/2018\/03\/2227-\u0104\u017dUOLAS-\u0160VIESUS-150x150.jpg 150w, https:\/\/mamutai.lt\/milagna\/wp-content\/uploads\/2018\/03\/2227-\u0104\u017dUOLAS-\u0160VIESUS-301x303.jpg 301w\" sizes=\"(max-width: 150px) 100vw, 150px\" \/>\t\t\t\t\t\t<span class=\"aig-gallery-hover\">\r\n\t\t\t\t\t\t\t\t\t\t\t\t\t\t\t<span class=\"icon-arrows-plus\"><\/span> \r\n\t\t\t\t\t\t\t\t\t\t\t\t\t<\/span>\r\n\t\t\t\t\t\t\t\t\t\t\t<\/a>\r\n\t\t\t\t\t\t\t\t\t<\/div>\r\n\t\t\t<\/div>\r\n\t\t\t\t\t<div class=\"qode-aig-image qode-item-space\">\r\n\t\t\t\t<div class=\"qode-aig-image-inner\">\r\n\t\t\t\t\t\t\t\t\t\t\t<a itemprop=\"image\" class=\"qode-aig-lightbox\" href=\"https:\/\/mamutai.lt\/milagna\/wp-content\/uploads\/2018\/03\/2401-BUKAS-\u0160VIESUS.jpg\" data-rel=\"prettyPhoto[image_gallery_pretty_photo-292]\" title=\"2401-BUKAS-\u0160VIESUS\">\r\n\t\t\t\t\t\t\t\t\t\t\t<img width=\"150\" height=\"150\" src=\"https:\/\/mamutai.lt\/milagna\/wp-content\/uploads\/2018\/03\/2401-BUKAS-\u0160VIESUS-150x150.jpg\" class=\"attachment-thumbnail size-thumbnail\" alt=\"BUKAS-\u0160VIESUS\" decoding=\"async\" loading=\"lazy\" \/>\t\t\t\t\t\t<span class=\"aig-gallery-hover\">\r\n\t\t\t\t\t\t\t\t\t\t\t\t\t\t\t<span class=\"icon-arrows-plus\"><\/span> \r\n\t\t\t\t\t\t\t\t\t\t\t\t\t<\/span>\r\n\t\t\t\t\t\t\t\t\t\t\t<\/a>\r\n\t\t\t\t\t\t\t\t\t<\/div>\r\n\t\t\t<\/div>\r\n\t\t\t\t\t<div class=\"qode-aig-image qode-item-space\">\r\n\t\t\t\t<div class=\"qode-aig-image-inner\">\r\n\t\t\t\t\t\t\t\t\t\t\t<a itemprop=\"image\" class=\"qode-aig-lightbox\" href=\"https:\/\/mamutai.lt\/milagna\/wp-content\/uploads\/2018\/03\/2402-BUKAS-BAVARIJA.jpg\" data-rel=\"prettyPhoto[image_gallery_pretty_photo-292]\" title=\"2402-BUKAS-BAVARIJA\">\r\n\t\t\t\t\t\t\t\t\t\t\t<img width=\"150\" height=\"150\" src=\"https:\/\/mamutai.lt\/milagna\/wp-content\/uploads\/2018\/03\/2402-BUKAS-BAVARIJA-150x150.jpg\" class=\"attachment-thumbnail size-thumbnail\" alt=\"BUKAS-BAVARIJA\" decoding=\"async\" loading=\"lazy\" \/>\t\t\t\t\t\t<span class=\"aig-gallery-hover\">\r\n\t\t\t\t\t\t\t\t\t\t\t\t\t\t\t<span class=\"icon-arrows-plus\"><\/span> \r\n\t\t\t\t\t\t\t\t\t\t\t\t\t<\/span>\r\n\t\t\t\t\t\t\t\t\t\t\t<\/a>\r\n\t\t\t\t\t\t\t\t\t<\/div>\r\n\t\t\t<\/div>\r\n\t\t\t\t\t<div class=\"qode-aig-image qode-item-space\">\r\n\t\t\t\t<div class=\"qode-aig-image-inner\">\r\n\t\t\t\t\t\t\t\t\t\t\t<a itemprop=\"image\" class=\"qode-aig-lightbox\" href=\"https:\/\/mamutai.lt\/milagna\/wp-content\/uploads\/2018\/03\/2702-KLEVAS.jpg\" data-rel=\"prettyPhoto[image_gallery_pretty_photo-292]\" title=\"2702-KLEVAS\">\r\n\t\t\t\t\t\t\t\t\t\t\t<img width=\"150\" height=\"150\" src=\"https:\/\/mamutai.lt\/milagna\/wp-content\/uploads\/2018\/03\/2702-KLEVAS-150x150.jpg\" class=\"attachment-thumbnail size-thumbnail\" alt=\"KLEVAS\" decoding=\"async\" loading=\"lazy\" \/>\t\t\t\t\t\t<span class=\"aig-gallery-hover\">\r\n\t\t\t\t\t\t\t\t\t\t\t\t\t\t\t<span class=\"icon-arrows-plus\"><\/span> \r\n\t\t\t\t\t\t\t\t\t\t\t\t\t<\/span>\r\n\t\t\t\t\t\t\t\t\t\t\t<\/a>\r\n\t\t\t\t\t\t\t\t\t<\/div>\r\n\t\t\t<\/div>\r\n\t\t\t\t\t<div class=\"qode-aig-image qode-item-space\">\r\n\t\t\t\t<div class=\"qode-aig-image-inner\">\r\n\t\t\t\t\t\t\t\t\t\t\t<a itemprop=\"image\" class=\"qode-aig-lightbox\" href=\"https:\/\/mamutai.lt\/milagna\/wp-content\/uploads\/2018\/03\/2805-KRIAU\u0160\u0116.jpg\" data-rel=\"prettyPhoto[image_gallery_pretty_photo-292]\" title=\"2805-KRIAU\u0160\u0116\">\r\n\t\t\t\t\t\t\t\t\t\t\t<img width=\"150\" height=\"150\" src=\"https:\/\/mamutai.lt\/milagna\/wp-content\/uploads\/2018\/03\/2805-KRIAU\u0160\u0116-150x150.jpg\" class=\"attachment-thumbnail size-thumbnail\" alt=\"KRIAU\u0160\u0116\" decoding=\"async\" loading=\"lazy\" srcset=\"https:\/\/mamutai.lt\/milagna\/wp-content\/uploads\/2018\/03\/2805-KRIAU\u0160\u0116-150x150.jpg 150w, https:\/\/mamutai.lt\/milagna\/wp-content\/uploads\/2018\/03\/2805-KRIAU\u0160\u0116-306x303.jpg 306w\" sizes=\"(max-width: 150px) 100vw, 150px\" \/>\t\t\t\t\t\t<span class=\"aig-gallery-hover\">\r\n\t\t\t\t\t\t\t\t\t\t\t\t\t\t\t<span class=\"icon-arrows-plus\"><\/span> \r\n\t\t\t\t\t\t\t\t\t\t\t\t\t<\/span>\r\n\t\t\t\t\t\t\t\t\t\t\t<\/a>\r\n\t\t\t\t\t\t\t\t\t<\/div>\r\n\t\t\t<\/div>\r\n\t\t\t\t\t<div class=\"qode-aig-image qode-item-space\">\r\n\t\t\t\t<div class=\"qode-aig-image-inner\">\r\n\t\t\t\t\t\t\t\t\t\t\t<a itemprop=\"image\" class=\"qode-aig-lightbox\" href=\"https:\/\/mamutai.lt\/milagna\/wp-content\/uploads\/2018\/03\/3127-\u0104\u017dUOLAS-PARY\u017dIAUS.jpg\" data-rel=\"prettyPhoto[image_gallery_pretty_photo-292]\" title=\"3127-\u0104\u017dUOLAS-PARY\u017dIAUS\">\r\n\t\t\t\t\t\t\t\t\t\t\t<img width=\"150\" height=\"150\" src=\"https:\/\/mamutai.lt\/milagna\/wp-content\/uploads\/2018\/03\/3127-\u0104\u017dUOLAS-PARY\u017dIAUS-150x150.jpg\" class=\"attachment-thumbnail size-thumbnail\" alt=\"\u0104\u017dUOLAS-PARY\u017dIAUS\" decoding=\"async\" loading=\"lazy\" \/>\t\t\t\t\t\t<span class=\"aig-gallery-hover\">\r\n\t\t\t\t\t\t\t\t\t\t\t\t\t\t\t<span class=\"icon-arrows-plus\"><\/span> \r\n\t\t\t\t\t\t\t\t\t\t\t\t\t<\/span>\r\n\t\t\t\t\t\t\t\t\t\t\t<\/a>\r\n\t\t\t\t\t\t\t\t\t<\/div>\r\n\t\t\t<\/div>\r\n\t\t\t\t\t<div class=\"qode-aig-image qode-item-space\">\r\n\t\t\t\t<div class=\"qode-aig-image-inner\">\r\n\t\t\t\t\t\t\t\t\t\t\t<a itemprop=\"image\" class=\"qode-aig-lightbox\" href=\"https:\/\/mamutai.lt\/milagna\/wp-content\/uploads\/2018\/03\/3201-RAUDONMEDIS.jpg\" data-rel=\"prettyPhoto[image_gallery_pretty_photo-292]\" title=\"3201-RAUDONMEDIS\">\r\n\t\t\t\t\t\t\t\t\t\t\t<img width=\"150\" height=\"150\" src=\"https:\/\/mamutai.lt\/milagna\/wp-content\/uploads\/2018\/03\/3201-RAUDONMEDIS-150x150.jpg\" class=\"attachment-thumbnail size-thumbnail\" alt=\"RAUDONMEDIS\" decoding=\"async\" loading=\"lazy\" \/>\t\t\t\t\t\t<span class=\"aig-gallery-hover\">\r\n\t\t\t\t\t\t\t\t\t\t\t\t\t\t\t<span class=\"icon-arrows-plus\"><\/span> \r\n\t\t\t\t\t\t\t\t\t\t\t\t\t<\/span>\r\n\t\t\t\t\t\t\t\t\t\t\t<\/a>\r\n\t\t\t\t\t\t\t\t\t<\/div>\r\n\t\t\t<\/div>\r\n\t\t\t\t\t<div class=\"qode-aig-image qode-item-space\">\r\n\t\t\t\t<div class=\"qode-aig-image-inner\">\r\n\t\t\t\t\t\t\t\t\t\t\t<a itemprop=\"image\" class=\"qode-aig-lightbox\" href=\"https:\/\/mamutai.lt\/milagna\/wp-content\/uploads\/2018\/03\/3302-RIE\u0160UTMEDIS.jpg\" data-rel=\"prettyPhoto[image_gallery_pretty_photo-292]\" title=\"3302-RIE\u0160UTMEDIS\">\r\n\t\t\t\t\t\t\t\t\t\t\t<img width=\"150\" height=\"150\" src=\"https:\/\/mamutai.lt\/milagna\/wp-content\/uploads\/2018\/03\/3302-RIE\u0160UTMEDIS-150x150.jpg\" class=\"attachment-thumbnail size-thumbnail\" alt=\"RIE\u0160UTMEDIS\" decoding=\"async\" loading=\"lazy\" srcset=\"https:\/\/mamutai.lt\/milagna\/wp-content\/uploads\/2018\/03\/3302-RIE\u0160UTMEDIS-150x150.jpg 150w, https:\/\/mamutai.lt\/milagna\/wp-content\/uploads\/2018\/03\/3302-RIE\u0160UTMEDIS-302x303.jpg 302w\" sizes=\"(max-width: 150px) 100vw, 150px\" \/>\t\t\t\t\t\t<span class=\"aig-gallery-hover\">\r\n\t\t\t\t\t\t\t\t\t\t\t\t\t\t\t<span class=\"icon-arrows-plus\"><\/span> \r\n\t\t\t\t\t\t\t\t\t\t\t\t\t<\/span>\r\n\t\t\t\t\t\t\t\t\t\t\t<\/a>\r\n\t\t\t\t\t\t\t\t\t<\/div>\r\n\t\t\t<\/div>\r\n\t\t\t\t\t<div class=\"qode-aig-image qode-item-space\">\r\n\t\t\t\t<div class=\"qode-aig-image-inner\">\r\n\t\t\t\t\t\t\t\t\t\t\t<a itemprop=\"image\" class=\"qode-aig-lightbox\" href=\"https:\/\/mamutai.lt\/milagna\/wp-content\/uploads\/2018\/03\/3602-VY\u0160NIA.jpg\" data-rel=\"prettyPhoto[image_gallery_pretty_photo-292]\" title=\"3602-VY\u0160NIA\">\r\n\t\t\t\t\t\t\t\t\t\t\t<img width=\"150\" height=\"150\" src=\"https:\/\/mamutai.lt\/milagna\/wp-content\/uploads\/2018\/03\/3602-VY\u0160NIA-150x150.jpg\" class=\"attachment-thumbnail size-thumbnail\" alt=\"VY\u0160NIA\" decoding=\"async\" loading=\"lazy\" \/>\t\t\t\t\t\t<span class=\"aig-gallery-hover\">\r\n\t\t\t\t\t\t\t\t\t\t\t\t\t\t\t<span class=\"icon-arrows-plus\"><\/span> \r\n\t\t\t\t\t\t\t\t\t\t\t\t\t<\/span>\r\n\t\t\t\t\t\t\t\t\t\t\t<\/a>\r\n\t\t\t\t\t\t\t\t\t<\/div>\r\n\t\t\t<\/div>\r\n\t\t\t\t\t<div class=\"qode-aig-image qode-item-space\">\r\n\t\t\t\t<div class=\"qode-aig-image-inner\">\r\n\t\t\t\t\t\t\t\t\t\t\t<a itemprop=\"image\" class=\"qode-aig-lightbox\" href=\"https:\/\/mamutai.lt\/milagna\/wp-content\/uploads\/2018\/03\/9727-\u0104\u017dUOLAS-BALINTAS.jpg\" data-rel=\"prettyPhoto[image_gallery_pretty_photo-292]\" title=\"9727-\u0104\u017dUOLAS-BALINTAS\">\r\n\t\t\t\t\t\t\t\t\t\t\t<img width=\"150\" height=\"150\" src=\"https:\/\/mamutai.lt\/milagna\/wp-content\/uploads\/2018\/03\/9727-\u0104\u017dUOLAS-BALINTAS-150x150.jpg\" class=\"attachment-thumbnail size-thumbnail\" alt=\"\u0104\u017dUOLAS-BALINTAS\" decoding=\"async\" loading=\"lazy\" \/>\t\t\t\t\t\t<span class=\"aig-gallery-hover\">\r\n\t\t\t\t\t\t\t\t\t\t\t\t\t\t\t<span class=\"icon-arrows-plus\"><\/span> \r\n\t\t\t\t\t\t\t\t\t\t\t\t\t<\/span>\r\n\t\t\t\t\t\t\t\t\t\t\t<\/a>\r\n\t\t\t\t\t\t\t\t\t<\/div>\r\n\t\t\t<\/div>\r\n\t\t\t<\/div>\r\n<\/div>[vc_empty_space][\/vc_column][\/vc_row]<\/p>\n","protected":false},"excerpt":{"rendered":"<p>[vc_row css_animation=&#8221;&#8221; row_type=&#8221;row&#8221; use_row_as_full_screen_section=&#8221;no&#8221; type=&#8221;full_width&#8221; angled_section=&#8221;no&#8221; text_align=&#8221;left&#8221; background_image_as_pattern=&#8221;without_pattern&#8221;][vc_column][vc_column_text]Medienos dro\u017eli\u0173 plok\u0161t\u0117 (MDP) \u2013 trij\u0173 sluoksni\u0173, supresuota, nu\u0161lifuota medienos dro\u017eli\u0173 plok\u0161t\u0117, atitinkanti emisijos E1\/2 standartus. Kar\u0161to preso pagalba abi pus\u0117s apklijuojamos laminatu \u2013 popieriumi, \u012fmirkytu melamino derva. Laminuotas LMDP pavir\u0161ius tampa atsparesnis dr\u0117gmei, i\u0161or\u0117s veiksniams ir auk\u0161tesnei&#8230;<\/p>\n","protected":false},"author":1,"featured_media":0,"parent":481,"menu_order":0,"comment_status":"closed","ping_status":"closed","template":"","meta":{"footnotes":""},"_links":{"self":[{"href":"https:\/\/mamutai.lt\/milagna\/wp-json\/wp\/v2\/pages\/521"}],"collection":[{"href":"https:\/\/mamutai.lt\/milagna\/wp-json\/wp\/v2\/pages"}],"about":[{"href":"https:\/\/mamutai.lt\/milagna\/wp-json\/wp\/v2\/types\/page"}],"author":[{"embeddable":true,"href":"https:\/\/mamutai.lt\/milagna\/wp-json\/wp\/v2\/users\/1"}],"replies":[{"embeddable":true,"href":"https:\/\/mamutai.lt\/milagna\/wp-json\/wp\/v2\/comments?post=521"}],"version-history":[{"count":14,"href":"https:\/\/mamutai.lt\/milagna\/wp-json\/wp\/v2\/pages\/521\/revisions"}],"predecessor-version":[{"id":996,"href":"https:\/\/mamutai.lt\/milagna\/wp-json\/wp\/v2\/pages\/521\/revisions\/996"}],"up":[{"embeddable":true,"href":"https:\/\/mamutai.lt\/milagna\/wp-json\/wp\/v2\/pages\/481"}],"wp:attachment":[{"href":"https:\/\/mamutai.lt\/milagna\/wp-json\/wp\/v2\/media?parent=521"}],"curies":[{"name":"wp","href":"https:\/\/api.w.org\/{rel}","templated":true}]}}