{"id":501,"date":"2018-03-21T12:00:51","date_gmt":"2018-03-21T12:00:51","guid":{"rendered":"https:\/\/www.milanga.lt\/?page_id=501"},"modified":"2020-07-02T08:47:00","modified_gmt":"2020-07-02T05:47:00","slug":"duru-spynos","status":"publish","type":"page","link":"https:\/\/mamutai.lt\/milagna\/paslaugos\/sarvuotos-durys\/duru-spynos\/","title":{"rendered":"Dur\u0173 spynos"},"content":{"rendered":"<p>[vc_row css_animation=&#8221;&#8221; row_type=&#8221;row&#8221; use_row_as_full_screen_section=&#8221;no&#8221; type=&#8221;full_width&#8221; angled_section=&#8221;no&#8221; text_align=&#8221;left&#8221; background_image_as_pattern=&#8221;without_pattern&#8221;][vc_column][vc_empty_space][vc_row_inner row_type=&#8221;row&#8221; type=&#8221;full_width&#8221; text_align=&#8221;center&#8221; css_animation=&#8221;&#8221; el_class=&#8221;locks&#8221;][vc_column_inner width=&#8221;1\/3&#8243;][vc_single_image image=&#8221;502&#8243; img_size=&#8221;medium&#8221; alignment=&#8221;center&#8221; qode_css_animation=&#8221;&#8221; qode_hover_animation=&#8221;zoom_in&#8221;][\/vc_column_inner][vc_column_inner width=&#8221;1\/3&#8243;][vc_single_image image=&#8221;503&#8243; img_size=&#8221;medium&#8221; alignment=&#8221;center&#8221; qode_css_animation=&#8221;&#8221; qode_hover_animation=&#8221;zoom_in&#8221;][\/vc_column_inner][vc_column_inner width=&#8221;1\/3&#8243;][vc_single_image image=&#8221;507&#8243; img_size=&#8221;medium&#8221; alignment=&#8221;center&#8221; qode_css_animation=&#8221;&#8221; qode_hover_animation=&#8221;zoom_in&#8221;][\/vc_column_inner][\/vc_row_inner][vc_row_inner row_type=&#8221;row&#8221; type=&#8221;full_width&#8221; text_align=&#8221;left&#8221; css_animation=&#8221;&#8221;][vc_column_inner width=&#8221;1\/3&#8243;][vc_empty_space][vc_column_text]<\/p>\n<div class=\"wpb_text_column wpb_content_element \">\n<h3><strong>ISEO 66360<\/strong><\/h3>\n<div class=\"wpb_wrapper\">\u0160i spyna skirta metalin\u0117ms durims. J\u0105 sudaro nikeliu ir chromu padengta priekin\u0117 spynos plok\u0161tel\u0117 ir poliruoto chromo raktaskyl\u0117s. Rakinasi trimis kryptimis.<br \/>\nKomplekte yra 5 raktai. <strong>ISEO<\/strong>\u00a0\u2013 kompanija, \u012fkurta 1969 metais Italijoje. Savo veikl\u0105 bendrov\u0117 prad\u0117jo gamindama cilindrus, dur\u0173 bei pakabinamoms spynoms. \u0160iandien <strong>ISEO<\/strong>\u00a0yra viena did\u017eiausi\u0173 kompanij\u0173 Europoje u\u017erakt\u0173 gamybos sektoriuje, vien savo gamykloje Italijoje pagaminanti\u00a0<strong>11 milijon\u0173\u00a0<\/strong>cilindr\u0173 per metus.<\/div>\n<\/div>\n<p>[\/vc_column_text][vc_empty_space][\/vc_column_inner][vc_column_inner width=&#8221;1\/3&#8243;][vc_empty_space][vc_column_text]<\/p>\n<div class=\"wpb_text_column wpb_content_element \">\n<div class=\"wpb_wrapper\">\n<div class=\"wpb_text_column wpb_content_element \">\n<div class=\"wpb_wrapper\">\n<h3><strong>Dierre 6000<\/strong><\/h3>\n<p>Plok\u0161telin\u0117 (6 plok\u0161tel\u0117s) seifin\u0117, perkoduojama spyna. Su apsaugine plok\u0161tele, kei\u010diama kasete. Apsauga nuo gr\u0119\u017eimo, r\u016bg\u0161ties, pjovimo, visrak\u010dio. Mechanizm\u0105 galima keisti daug kart\u0173 be meistro pagalbos. Rakinama trimis kryptimis. Komplekte 5 dideli raktai \u012fpakuoti de\u017eut\u0117je + 1 statybinis raktas. Gamintojas: Italija.<\/p>\n<\/div>\n<\/div>\n<\/div>\n<\/div>\n<p>[\/vc_column_text][vc_empty_space][\/vc_column_inner][vc_column_inner width=&#8221;1\/3&#8243;][vc_empty_space][vc_column_text]<\/p>\n<div class=\"wpb_text_column wpb_content_element \">\n<div class=\"wpb_wrapper\">\n<div class=\"wpb_text_column wpb_content_element \">\n<div class=\"wpb_wrapper\">\n<div class=\"wpb_text_column wpb_content_element \">\n<div class=\"wpb_wrapper\">\n<h3><strong>MOTTURA 40705<\/strong><\/h3>\n<p>Seifin\u0117 spyna. Rakinama keturiais rakto pasukimais, trimis kryptimis.<br \/>\n\u0160i spyna skirta auk\u0161to saugumo \u0161arvo\/apsaugin\u0117ms durims. Nikeliu dengta priekin\u0117 spynos plok\u0161tel\u0117. Poliruoto chromo raktaskyl\u0117s. Komplekte yra 5 raktai.<br \/>\n<strong>MOTTURA<\/strong>\u2013 pasaulinis \u0161arvuot\u0173 dur\u0173 spyn\u0173 gamybos lyderis. Kompanija \u012fkurta 1972 metais. Ji gamina saugiausias spynas \u0161arvuotoms durims. Kadangi\u00a0<strong>MOTTURA<\/strong>\u00a0spynos kuriamos b\u016btent \u0161arvuotoms durims, kiekviena spynos detal\u0117 pagaminta galvojant apie maksimal\u0173 saugum\u0105. <strong>MOTTURA<\/strong>\u00a0neapsiriboja net ir auk\u0161\u010diausiais standart\u0173 keliamais saugumo reikalavimais. Kompanijos kuriamos spynos gerokai juos vir\u0161ija \u2013 tai patvirtina sertifikavimo metu atlikti bandymai.<\/p>\n<\/div>\n<\/div>\n<\/div>\n<\/div>\n<\/div>\n<\/div>\n<p>[\/vc_column_text][vc_empty_space][\/vc_column_inner][\/vc_row_inner][vc_row_inner row_type=&#8221;row&#8221; type=&#8221;full_width&#8221; text_align=&#8221;center&#8221; css_animation=&#8221;&#8221; el_class=&#8221;locks&#8221;][vc_column_inner width=&#8221;1\/3&#8243;][vc_single_image image=&#8221;506&#8243; img_size=&#8221;medium&#8221; alignment=&#8221;center&#8221; qode_css_animation=&#8221;&#8221; qode_hover_animation=&#8221;zoom_in&#8221;][\/vc_column_inner][vc_column_inner width=&#8221;1\/3&#8243;][vc_single_image image=&#8221;505&#8243; img_size=&#8221;medium&#8221; alignment=&#8221;center&#8221; qode_css_animation=&#8221;&#8221; qode_hover_animation=&#8221;zoom_in&#8221;][\/vc_column_inner][vc_column_inner width=&#8221;1\/3&#8243;][vc_single_image image=&#8221;508&#8243; img_size=&#8221;medium&#8221; alignment=&#8221;center&#8221; qode_css_animation=&#8221;&#8221; qode_hover_animation=&#8221;zoom_in&#8221;][\/vc_column_inner][\/vc_row_inner][vc_row_inner row_type=&#8221;row&#8221; type=&#8221;full_width&#8221; text_align=&#8221;left&#8221; css_animation=&#8221;&#8221;][vc_column_inner width=&#8221;1\/3&#8243;][vc_empty_space][vc_column_text]<\/p>\n<div class=\"wpb_text_column wpb_content_element \">\n<h3><strong>MOTTURA 52Y505 \u00a0Nucleo Replay<\/strong><\/h3>\n<div class=\"wpb_wrapper\">Perkoduojama spyna, skirta auk\u0161\u010diausio saugumo lygio \u0161arvuotoms durims<br \/>\n<strong>MOTTURA Nucleo Replay<\/strong>\u00a0suteikia galimyb\u0119 neribot\u0105 skai\u010di\u0173 kart\u0173 keisti spynos rakinimo kombinacij\u0105. Pametus raktus ar \u012ftarus, kad kas nors gal\u0117jo pasidaryti kopij\u0105. <strong>7-oji, auk\u0161\u010diausioji<\/strong>, spynos saugumo klas\u0117 pagal EN 12209 ir prie\u0161gaisrinis sertifikatas.<br \/>\nPatentuota\u00a0<strong>MOTTURA ANTIDECO II<\/strong>\u00a0sistema, sauganti nuo atrakinimo visrak\u010diu. Penki galingi kai\u0161\u010diai atlaiko net 1,5 tonos (15 kN) \u0161onin\u0119 spaudimo j\u0117g\u0105.<br \/>\nKomplekte yra 5 asimetriniai raktai su ergonomi\u0161komis gumos bei plastiko mi\u0161inio galvut\u0117mis, pateikiami sandarioje pakuot\u0117je.<br \/>\nRakinama trimis kryptimis, keturiais rakto pasukimais. Norint pasiekti maksimal\u0173 saugumo lyg\u012f, prie \u0161ios spynos rekomenduotina komplektuoti gr\u016bdinto manganinio plieno apsaug\u0105\u00a0<strong>DEFENDER 52<\/strong>, saugan\u010di\u0105 nuo spynos korpuso pragr\u0119\u017eimo.<\/div>\n<\/div>\n<p>[\/vc_column_text][vc_empty_space][\/vc_column_inner][vc_column_inner width=&#8221;1\/3&#8243;][vc_empty_space][vc_column_text]<\/p>\n<div class=\"wpb_text_column wpb_content_element \">\n<div class=\"wpb_wrapper\">\n<div class=\"wpb_text_column wpb_content_element \">\n<div class=\"wpb_wrapper\">\n<h3><strong>MOTTURA 52N883 Nucleo Compact<\/strong><\/h3>\n<p>Spyna su kei\u010diama kasete, skirta auk\u0161\u010diausio saugumo lygio \u0161arvuotoms durims. <strong>Nucleo Compact<\/strong>\u00a0suteikia galimyb\u0119 neribot\u0105 skai\u010di\u0173 kart\u0173 keisti spynas rakinimo kombinacij\u0105. Pametus raktus, \u012ftarus, kad kas nors gal\u0117jo pasidaryti J\u016bs\u0173 rakto kopij\u0105, nereik\u0117s keisti visos spynos \u2013 gal\u0117site pakeisti\u00a0<strong>Nucleo Compact <\/strong>kaset\u0119 \u2013 tai padaryti labai paprasta ir greita. Pakeit\u0119\u00a0<strong>Nucleo Compact <\/strong>kaset\u0119, gaunate nauj\u0105 spynos rakinimo mechanizm\u0105 ir naujus raktus.<br \/>\n<strong>7-oji, auk\u0161\u010diausioji<\/strong>, spynos saugumo klas\u0117 pagal EN 12209 ir prie\u0161gaisrinis sertifikatas. Patentuota\u00a0<strong>MOTTURA ANTIDECO II<\/strong>\u00a0sistema, sauganti nuo atrakinimo visrak\u010diu.<br \/>\nPenki galingi kai\u0161\u010diai atlaiko net 1,5 tonos (15 kN) \u0161onin\u0119 spaudimo j\u0117g\u0105.<br \/>\nStandarti\u0161kai tiekiama su 2 mm gr\u016bdinto manganinio plieno apsauga, kuri saugo svarbiausius spynos ta\u0161kus nuo pragr\u0119\u017eimo.<br \/>\nKomplekte yra 5 asimetriniai raktai su ergonomi\u0161komis gumos bei plastiko mi\u0161inio galvut\u0117mis, pateikiami sandarioje pakuot\u0117je, kuri atidaroma tik pirk\u0117jui matant. Rakinama trimis kryptimis, dviem rakto pasukimais.<\/p>\n<\/div>\n<\/div>\n<\/div>\n<\/div>\n<p>[\/vc_column_text][vc_empty_space][\/vc_column_inner][vc_column_inner width=&#8221;1\/3&#8243;][vc_empty_space][vc_column_text]<\/p>\n<div class=\"wpb_text_column wpb_content_element \">\n<div class=\"wpb_wrapper\">\n<div class=\"wpb_text_column wpb_content_element \">\n<div class=\"wpb_wrapper\">\n<div class=\"wpb_text_column wpb_content_element \">\n<div class=\"wpb_wrapper\">\n<h3><strong>MOTTURA 52783\u00a0<\/strong><\/h3>\n<p>Spyna, skirta auk\u0161\u010diausio saugumo lygio \u0161arvuotoms durims<br \/>\n<strong>7-oji, auk\u0161\u010diausioji<\/strong>, spynos saugumo klas\u0117 pagal EN 12209 ir prie\u0161gaisrinis sertifikatas.<br \/>\nPatentuota\u00a0<strong>MOTTURA ANTIDECO II\u00a0<\/strong>sistema sauganti nuo atrakinimo visrak\u010diu.<br \/>\nPenki galingi kai\u0161\u010diai atlaiko net 1,5 tonos (15kN) \u0161onin\u0119 spaudimo j\u0117g\u0105. Standarti\u0161kai tiekiama su 2 mm gr\u016bdinto manganinio plieno apsauga, kuri saugo svarbiausius spynos ta\u0161kus nuo pragr\u0119\u017eimo. Komplekte yra 5 asimetriniai raktai su ergonomi\u0161komis gumos bei plastiko mi\u0161inio galvut\u0117mis.<br \/>\nRakinama trimis kryptimis, keturiais rakto pasukimais.<\/p>\n<\/div>\n<\/div>\n<\/div>\n<\/div>\n<\/div>\n<\/div>\n<p>[\/vc_column_text][vc_empty_space][\/vc_column_inner][\/vc_row_inner][vc_row_inner row_type=&#8221;row&#8221; type=&#8221;full_width&#8221; text_align=&#8221;center&#8221; css_animation=&#8221;&#8221; el_class=&#8221;locks&#8221;][vc_column_inner width=&#8221;1\/2&#8243;][vc_single_image image=&#8221;509&#8243; img_size=&#8221;medium&#8221; alignment=&#8221;center&#8221; qode_css_animation=&#8221;&#8221; qode_hover_animation=&#8221;zoom_in&#8221;][\/vc_column_inner][vc_column_inner width=&#8221;1\/2&#8243;][vc_single_image image=&#8221;504&#8243; img_size=&#8221;medium&#8221; alignment=&#8221;center&#8221; qode_css_animation=&#8221;&#8221; qode_hover_animation=&#8221;zoom_in&#8221;][\/vc_column_inner][\/vc_row_inner][vc_row_inner row_type=&#8221;row&#8221; type=&#8221;full_width&#8221; text_align=&#8221;left&#8221; css_animation=&#8221;&#8221;][vc_column_inner width=&#8221;1\/2&#8243;][vc_column_text]<\/p>\n<div class=\"wpb_text_column wpb_content_element \">\n<h3><strong>MOTTURA 85783<\/strong><\/h3>\n<div class=\"wpb_wrapper\">\n<p>Spyna su\u00a0<strong>MOTTURA CHAMPIONS<\/strong>\u00a0cilindru \u2013 skirta presti\u017ein\u0117ms auk\u0161\u010diausio saugumo lygio \u0161arvuotoms durims<br \/>\n<strong>MOTTURA CHAMPIONS<\/strong>\u00a0spyna \u2013 unikalus saugumo sprendimas, jungiantis auk\u0161\u010diausios saugumo klas\u0117s spynos korpus\u0105, auk\u0161\u010diausios saugumo klas\u0117s cilindr\u0105 su ma\u017eu, patogiu, nuo nelegalaus kopijavimo apsaugotu raktu ir cilindro apsauga.<br \/>\n<strong>7-oji, auk\u0161\u010diausioji<\/strong>, spynos saugumo klas\u0117 pagal EN 12209 ir prie\u0161gaisrinis sertifikatas.<br \/>\nPatentuota apsauga nuo kai\u0161\u010di\u0173 sust\u016bmimo standartiniame komplekte.<br \/>\nPatentuotas automatinis spynos blokavimas sulau\u017eius cilindr\u0105 standartiniame komplekte. Sulau\u017eius cilindr\u0105 spyna automati\u0161kai u\u017esiblokuoja, o blokavimas u\u017esifiksuoja.<br \/>\nApsauga nuo cilindro i\u0161mu\u0161imo standartiniame komplekte.<br \/>\nPenki galingi kai\u0161\u010diai atlaiko net 1,5 tonos (15 kN) \u0161onin\u0119 spaudimo j\u0117g\u0105.<br \/>\nGr\u016bdinto plieno cilindro apsauga\u00a0<strong>DEFENDER <\/strong>, tvirtinama specialiais var\u017etais, standartiniame komplekte.<br \/>\nRakinama trimis kryptimis, dviem rakto pasukimais.<br \/>\nSiekiant dar padidinti saugum\u0105, prie \u0161ios spynos rekomenduotina komplektuoti gr\u016bdinto manganinio plieno apsaug\u0105\u00a0<strong>DEFENDER 52<\/strong>, papildomai saugan\u010di\u0105 nuo spynos korpuso pragr\u0119\u017eimo.<\/p>\n<p><strong>PATENTUOTI\u00a0MOTTURA CHAMPIONS\u00a0CILINDRAI\u00a0C30\u00a0SU PATENTUOTA MAGNETINE SISTEMA:<\/strong><br \/>\n<strong>6-oji, auk\u0161\u010diausioji<\/strong>, cilindro saugumo klas\u0117 pagal EN1303 standart\u0105.<br \/>\nPatentuota magnetin\u0117 sistema. Vienas i\u0161 vidini\u0173 cilindro komponent\u0173 \u2013 magnetinis. Jis yra pritraukiamas rakte esan\u010dio magneto. Nesant tinkamo<strong>\u00a0MOTTURA CHAMPIONS<\/strong>\u00a0rakto, magnetinis komponentas blokuoja cilindr\u0105 ir jis tampa nepasiekiamas visrak\u010diu. Tai daro cilindr\u0105 ypa\u010d saug\u0173.<br \/>\nNuo nelegalaus kopijavimo apsaugoti raktai. Siekdama u\u017etikrinti, kad rakto kopij\u0105 gal\u0117t\u0173 pasidaryti tik teis\u0117tas rakto savininkas, MOTTURA u\u017epatentavo ir sertifikavo rakt\u0173 kopijavimo sistem\u0105, pagal kuri\u0105\u00a0<strong>MOTTURA CHAMPIONS C30\u00a0<\/strong>rakt\u0173 kopijos gali b\u016bti daromos tik MOTTURA kompanijos atrinktose ir kontroliuojamose rakt\u0173 dirbtuv\u0117se, pa\u017eym\u0117tose\u00a0<strong>MOTTURA Club<\/strong>\u00a0\u017eenklu. Rakto kopija daroma tik pateikus rakt\u0105, bei rakto identifikacin\u0119 kortel\u0119.<br \/>\nPatentuota ir sertifikuota apsauga nuo atrakinimo <em>bumping<\/em> metodu.<br \/>\nCilindras ir jame esantys vidiniai komponentai apsaugoti nuo pragr\u0119\u017eimo ypatingo kietumo plieno strypais.<br \/>\nDviej\u0173 lygi\u0173 apsauga nuo atrakinimo visrak\u010diu<br \/>\nVisi vidiniai cilindro komponentai padengti atsparum\u0105 aplinkos poveikiui didinan\u010dia danga. Tai u\u017etikrina ilgalaik\u012f cilindro veikim\u0105.<br \/>\nNikelio-sidabro mi\u0161inio raktai itin atspar\u016bs d\u0117v\u0117jimuisi. Speciali ergonomi\u0161ka rakto galvut\u0117.<br \/>\nGalimyb\u0117 u\u017esisakyti\u00a0<strong>Centrinio Rakto Sistemas<\/strong>.<br \/>\nGali b\u016bti su 3 arba 5 raktais.<\/p>\n<\/div>\n<\/div>\n<p>[\/vc_column_text][vc_empty_space][\/vc_column_inner][vc_column_inner width=&#8221;1\/2&#8243;][vc_column_text]<\/p>\n<div class=\"wpb_text_column wpb_content_element \">\n<div class=\"wpb_wrapper\">\n<div class=\"wpb_text_column wpb_content_element \">\n<div class=\"wpb_wrapper\">\n<h3><strong>FIAM 672 GF<\/strong><\/h3>\n<p>Cilindrin\u0117 krumpliaratin\u0117 spyna, skirta auk\u0161to saugumo lygio \u0161arvuotoms durims.<br \/>\nUnikalus spynos krumpliaratinis rakinimo mechanizmas: spyna rakinama ypa\u010d tyliai ir \u0161velniai, ma\u017eiau d\u0117visi cilindras.<br \/>\nSpeciali krumpliaratinio mechanizmo konstrukcija bei jame esantys gr\u016bdinto plieno strypai saugo nuo kai\u0161\u010di\u0173 sust\u016bmimo ir mechanizmo pragr\u0119\u017eimo.<br \/>\nPatentuotas, stiprus cilindro tvirtinimas, saugantis nuo cilindro i\u0161mu\u0161imo ir sulau\u017eymo.<br \/>\nPagrindiniai saugumo parametrai atitinka\u00a0<strong>7-osios \u2212 auk\u0161\u010diausiosios <\/strong>saugumo klas\u0117s reikalavimus pagal EN 12209.<br \/>\nYpa\u010d tvirtas kai\u0161\u010di\u0173 tvirtinimas prie pagrindin\u0117s spynos plok\u0161t\u0117s.<br \/>\nRakinama trimis kryptimis.<br \/>\nSpyna komplektuojama tik su sertifikuotais <strong>ISEO<\/strong>\u00a0<strong>R6\u00a0<\/strong> cilindrais bei gr\u016bdinto plieno apsauga.<br \/>\n3 met\u0173 garantija ir nemokamas servisas 24 val. per par\u0105 garantiniu laikotarpiu.<br \/>\nNorint pasiekti maksimal\u0173 saugumo lyg\u012f, prie \u0161ios spynos rekomenduotina komplektuoti gr\u016bdinto manganinio plieno apsaug\u0105\u00a0<strong>DEFENDER 52<\/strong>, saugan\u010di\u0105 nuo spynos korpuso pragr\u0119\u017eimo. <strong>SERTIFIKUOTAS\u00a0ISEO\u00a0R6 PLUS 1+5 CILINDRAS:<\/strong><br \/>\n<strong>Sertifikuotas 5-ajai<\/strong>\u00a0saugumo klasei pagal pagrindin\u012f cilindr\u0173 kokyb\u0119 ir saugum\u0105 reglamentuojant\u012f Europos standart\u0105 EN 1303.<br \/>\nPateikiamas su vienu \u201estatybiniu\u201c raktu, kuris neberakina, jeigu panaudojamas vienas i\u0161 keturi\u0173 pagrindini\u0173 rakt\u0173.<br \/>\nApsauga nuo cilindro pragr\u0119\u017eimo.<br \/>\nApsauga nuo atrakinimo visrak\u010diu.<br \/>\nErgonomi\u0161kas duobutinis raktas, kur\u012f \u012f cilindr\u0105 galima \u012fd\u0117ti bet kuria puse \u2013 ypa\u010d rekomenduojama vaik\u0173 turin\u010dioms \u0161eimoms bei pagyvenusiems \u017emon\u0117ms.<br \/>\nPagrindiniai raktai pateikiami sandarioje pakuot\u0117je, kuri atidaroma tik rakto savininkui matant.<br \/>\nIdentifikacin\u0117 kortel\u0117.<br \/>\nSpecialaus gumos mi\u0161inio rakto galvut\u0117.<\/p>\n<\/div>\n<\/div>\n<\/div>\n<\/div>\n<p>[\/vc_column_text][vc_empty_space][\/vc_column_inner][\/vc_row_inner][\/vc_column][\/vc_row]<\/p>\n","protected":false},"excerpt":{"rendered":"<p>[vc_row css_animation=&#8221;&#8221; row_type=&#8221;row&#8221; use_row_as_full_screen_section=&#8221;no&#8221; type=&#8221;full_width&#8221; angled_section=&#8221;no&#8221; text_align=&#8221;left&#8221; background_image_as_pattern=&#8221;without_pattern&#8221;][vc_column][vc_empty_space][vc_row_inner row_type=&#8221;row&#8221; type=&#8221;full_width&#8221; text_align=&#8221;center&#8221; css_animation=&#8221;&#8221; el_class=&#8221;locks&#8221;][vc_column_inner width=&#8221;1\/3&#8243;][vc_single_image image=&#8221;502&#8243; img_size=&#8221;medium&#8221; alignment=&#8221;center&#8221; qode_css_animation=&#8221;&#8221; qode_hover_animation=&#8221;zoom_in&#8221;][\/vc_column_inner][vc_column_inner width=&#8221;1\/3&#8243;][vc_single_image image=&#8221;503&#8243; img_size=&#8221;medium&#8221; alignment=&#8221;center&#8221; qode_css_animation=&#8221;&#8221; qode_hover_animation=&#8221;zoom_in&#8221;][\/vc_column_inner][vc_column_inner width=&#8221;1\/3&#8243;][vc_single_image image=&#8221;507&#8243; img_size=&#8221;medium&#8221; alignment=&#8221;center&#8221; qode_css_animation=&#8221;&#8221; qode_hover_animation=&#8221;zoom_in&#8221;][\/vc_column_inner][\/vc_row_inner][vc_row_inner row_type=&#8221;row&#8221; type=&#8221;full_width&#8221; text_align=&#8221;left&#8221; css_animation=&#8221;&#8221;][vc_column_inner width=&#8221;1\/3&#8243;][vc_empty_space][vc_column_text] ISEO 66360 \u0160i spyna skirta metalin\u0117ms durims. J\u0105 sudaro&#8230;<\/p>\n","protected":false},"author":1,"featured_media":0,"parent":481,"menu_order":0,"comment_status":"closed","ping_status":"closed","template":"","meta":{"footnotes":""},"_links":{"self":[{"href":"https:\/\/mamutai.lt\/milagna\/wp-json\/wp\/v2\/pages\/501"}],"collection":[{"href":"https:\/\/mamutai.lt\/milagna\/wp-json\/wp\/v2\/pages"}],"about":[{"href":"https:\/\/mamutai.lt\/milagna\/wp-json\/wp\/v2\/types\/page"}],"author":[{"embeddable":true,"href":"https:\/\/mamutai.lt\/milagna\/wp-json\/wp\/v2\/users\/1"}],"replies":[{"embeddable":true,"href":"https:\/\/mamutai.lt\/milagna\/wp-json\/wp\/v2\/comments?post=501"}],"version-history":[{"count":10,"href":"https:\/\/mamutai.lt\/milagna\/wp-json\/wp\/v2\/pages\/501\/revisions"}],"predecessor-version":[{"id":990,"href":"https:\/\/mamutai.lt\/milagna\/wp-json\/wp\/v2\/pages\/501\/revisions\/990"}],"up":[{"embeddable":true,"href":"https:\/\/mamutai.lt\/milagna\/wp-json\/wp\/v2\/pages\/481"}],"wp:attachment":[{"href":"https:\/\/mamutai.lt\/milagna\/wp-json\/wp\/v2\/media?parent=501"}],"curies":[{"name":"wp","href":"https:\/\/api.w.org\/{rel}","templated":true}]}}