{"id":481,"date":"2018-03-21T11:02:31","date_gmt":"2018-03-21T11:02:31","guid":{"rendered":"https:\/\/www.milanga.lt\/?page_id=481"},"modified":"2023-08-03T10:09:43","modified_gmt":"2023-08-03T07:09:43","slug":"sarvuotos-durys","status":"publish","type":"page","link":"https:\/\/mamutai.lt\/milagna\/paslaugos\/sarvuotos-durys\/","title":{"rendered":"\u0160arvuotos durys"},"content":{"rendered":"<p>[vc_row css_animation=&#8221;&#8221; row_type=&#8221;row&#8221; use_row_as_full_screen_section=&#8221;no&#8221; type=&#8221;grid&#8221; angled_section=&#8221;no&#8221; text_align=&#8221;left&#8221; background_image_as_pattern=&#8221;without_pattern&#8221; z_index=&#8221;&#8221;][vc_column][vc_empty_space][vc_column_text]<\/p>\n<div class=\"wpb_text_column wpb_content_element \">\n<div class=\"wpb_wrapper\">\n<p>Norint apsaugoti namus nuo \u0161al\u010dio ir nekviest\u0173 sve\u010di\u0173 b\u016btina pasirinkti kokybi\u0161kas lauko, laiptin\u0117s ir buto duris.<\/p>\n<\/div>\n<\/div>\n<p>[\/vc_column_text][vc_column_text]<\/p>\n<div class=\"wpb_text_column wpb_content_element \">\n<div class=\"wpb_wrapper\">\n<p>Mes dirbame tik su laiko patikrintais gamintojais. Tod\u0117l si\u016blome kokybi\u0161kas \u0161arvuotas EKO duris, lauko, buto ir laiptin\u0117s duris bei j\u0173 priedus.<\/p>\n<\/div>\n<\/div>\n<p>[\/vc_column_text][vc_empty_space height=&#8221;64px&#8221;][vc_row_inner row_type=&#8221;row&#8221; type=&#8221;grid&#8221; text_align=&#8221;left&#8221; css_animation=&#8221;&#8221;][vc_column_inner width=&#8221;1\/3&#8243;][vc_single_image image=&#8221;636&#8243; img_size=&#8221;medium&#8221; alignment=&#8221;center&#8221; qode_css_animation=&#8221;&#8221;][vc_empty_space][vc_column_text]<\/p>\n<div class=\"wpb_text_column wpb_content_element \">\n<div class=\"wpb_wrapper\">\n<h3>Medienos dro\u017eli\u0173 plok\u0161t\u0117 (MDP)<\/h3>\n<p>\u2013 supresuota i\u0161 trij\u0173 sluoksni\u0173, nu\u0161lifuota ir padengta laminatu. \u0160ios gamybos technologijos d\u0117ka \u0161arvuotos durys yra atsparios dr\u0117gmei, i\u0161or\u0117s pa\u017eeidimams. D\u0117l savo patrauklios kainos tai vienas i\u0161 populiariausi\u0173 pasirinkim\u0173, kuomet ie\u0161koma \u0161arvuot\u0173 buto dur\u0173.<\/p>\n<\/div>\n<\/div>\n<p>[\/vc_column_text][\/vc_column_inner][vc_column_inner width=&#8221;1\/3&#8243;][vc_single_image image=&#8221;466&#8243; img_size=&#8221;medium&#8221; alignment=&#8221;center&#8221; qode_css_animation=&#8221;&#8221;][vc_empty_space][vc_column_text]<\/p>\n<div class=\"wpb_text_column wpb_content_element \">\n<div class=\"wpb_wrapper\">\n<div class=\"wpb_text_column wpb_content_element \">\n<div class=\"wpb_wrapper\">\n<h3>\u201eOkuome\u201d plok\u0161t\u0117<\/h3>\n<p>gaminama i\u0161 Afrikoje augan\u010dio med\u017eio \u2013 Gabonmed\u017eio. Tai patvari mediena, kuri\u0105 naudoja net laiv\u0173 gamybai. Paprastai \u201eOkuome\u201d plok\u0161t\u0117s durys gaminamos i\u0161 trij\u0173 sluoksni\u0173.<br \/>\nI\u0161oriniai sluoksniai i\u0161 gabonmed\u017eio yra itin atspar\u016bs lauko s\u0105lygomis, ilgaam\u017eiai. Vidurine plok\u0161te da\u017eniausiai tampa populiarus, paslankus, puikiai gars\u0105 ir \u0161ilum\u0105 izoliuojantis, raudonmedis.<br \/>\nTaigi, tai ekologi\u0161kos med\u017eiagos, atsparios dr\u0117gmei, mechaniniams pa\u017eeidimams ar tiesioginiams saul\u0117s spinduliams. \u0160ios \u0161arvuotos lauko durys gali b\u016bti i\u0161margintos J\u016bs\u0173 pasirinktais ra\u0161tais, \u012fvairiomis spalvomis.<\/p>\n<\/div>\n<\/div>\n<\/div>\n<\/div>\n<p>[\/vc_column_text][vc_empty_space][\/vc_column_inner][vc_column_inner width=&#8221;1\/3&#8243;][vc_single_image image=&#8221;637&#8243; img_size=&#8221;medium&#8221; alignment=&#8221;center&#8221; qode_css_animation=&#8221;&#8221;][vc_empty_space][vc_column_text]<\/p>\n<div class=\"wpb_text_column wpb_content_element \">\n<div class=\"wpb_wrapper\">\n<div class=\"wpb_text_column wpb_content_element \">\n<div class=\"wpb_wrapper\">\n<div class=\"wpb_text_column wpb_content_element \">\n<div class=\"wpb_wrapper\">\n<h3>Laiptin\u0117s, r\u016bsi\u0173, pusr\u016bsi\u0173 metalin\u0117s \u0161arvuotos durys<\/h3>\n<p>gruntuojamos ir da\u017eomos emaliniais da\u017eais. Esant poreikiui ar lauko s\u0105lygomis, tokios durys gali b\u016bti ap\u0161iltintos akmens vata. Jeigu pageidaujate, galite rinktis laiptini\u0173 duris ir i\u0161 storesnio metalo, nei standartinio 1,5 mm storio plieno lak\u0161to. Metalines duris\u00a0daugelis renkasi laiptin\u0117ms ar r\u016bsiams.<\/p>\n<\/div>\n<\/div>\n<\/div>\n<\/div>\n<\/div>\n<\/div>\n<p>[\/vc_column_text][\/vc_column_inner][\/vc_row_inner][\/vc_column][\/vc_row][vc_row css_animation=&#8221;&#8221; row_type=&#8221;row&#8221; use_row_as_full_screen_section=&#8221;yes&#8221; type=&#8221;full_width&#8221; angled_section=&#8221;no&#8221; text_align=&#8221;left&#8221; background_image_as_pattern=&#8221;without_pattern&#8221; z_index=&#8221;&#8221; css=&#8221;.vc_custom_1521713697352{background-color: #ffffff !important;}&#8221;][vc_column][vc_empty_space]<div class=\"call_to_action  with_background_image\" style=\"padding-top: 32pxpx;padding-bottom: 32pxpx;background-image: url(https:\/\/mamutai.lt\/milagna\/wp-content\/uploads\/2018\/03\/265021-P4TIM1-494.jpg);\"><div class=\"container_inner\"><div class=\"two_columns_75_25 clearfix\"><div class=\"text_wrapper column1\"><div class=\"call_to_action_text \" style=\"\">\n<h1 class=\"h3-size entry-title\">DUR\u0172 AKCIJA<\/h1>\n<\/div><\/div><div class=\"button_wrapper column2\"><a itemprop=\"url\" href=\"duru-akcija\" class=\"qbutton white \" target=\"_self\" style=\"\">Per\u017ei\u016br\u0117ti<\/a><\/div><\/div><\/div><\/div>[\/vc_column][\/vc_row][vc_row css_animation=&#8221;&#8221; row_type=&#8221;row&#8221; use_row_as_full_screen_section=&#8221;no&#8221; type=&#8221;full_width&#8221; angled_section=&#8221;no&#8221; text_align=&#8221;left&#8221; background_image_as_pattern=&#8221;without_pattern&#8221;][vc_column][vc_column_text]<\/p>\n<p>[\/vc_column_text][\/vc_column][\/vc_row][vc_row css_animation=&#8221;&#8221; row_type=&#8221;row&#8221; use_row_as_full_screen_section=&#8221;no&#8221; type=&#8221;grid&#8221; angled_section=&#8221;no&#8221; text_align=&#8221;left&#8221; background_image_as_pattern=&#8221;without_pattern&#8221; el_class=&#8221;doors&#8221; z_index=&#8221;&#8221; el_id=&#8221;modeliai&#8221;][vc_column width=&#8221;1\/2&#8243;][vc_empty_space][vc_column_text]<\/p>\n<h2 class=\"h3-size\">\u0160arvuotos durys<\/h2>\n<p>[\/vc_column_text][vc_empty_space]<div class='latest_post_two_holder one_column'><ul><li class=\"clearfix\"><div class=\"latest_post_two_inner\" ><div class=\"latest_post_two_text\"><h5 itemprop=\"name\" class=\"latest_post_two_title entry_title\"><a itemprop=\"url\" href=\"https:\/\/mamutai.lt\/milagna\/sarvuotos-lauko-durys-umidax-mdf-hls\/\" >\u0160arvuotos lauko durys UMIDAX MDF-HLS<\/a><\/h5><div class=\"separator small left \" ><\/div><\/div><div class=\"latest_post_two_info\" ><div class=\"latest_post_two_info_inner\" ><div class=\"post_info_author\"><img alt='Author Image' src='https:\/\/secure.gravatar.com\/avatar\/a345ca8ff3959e7611c1d3b71caa4e9f?s=30&#038;d=mm&#038;r=g' srcset='https:\/\/secure.gravatar.com\/avatar\/a345ca8ff3959e7611c1d3b71caa4e9f?s=60&#038;d=mm&#038;r=g 2x' class='avatar avatar-30 photo' height='30' width='30' loading='lazy' decoding='async'\/><span class=\"post_info_author_name\">milanga-admin<\/span><\/div><div itemprop=\"dateCreated\" class=\"post_info_date entry_date updated\">21 kovo, 2018<meta itemprop=\"interactionCount\" content=\"UserComments: <?php echo get_comments_number(qode_get_page_id()); ?>\"\/><\/div><\/div><\/div><\/div><\/li><li class=\"clearfix\"><div class=\"latest_post_two_inner\" ><div class=\"latest_post_two_text\"><h5 itemprop=\"name\" class=\"latest_post_two_title entry_title\"><a itemprop=\"url\" href=\"https:\/\/mamutai.lt\/milagna\/sarvuotos-lauko-durys-okuome\/\" >\u0160arvuotos lauko durys Okuome<\/a><\/h5><div class=\"separator small left \" ><\/div><\/div><div class=\"latest_post_two_info\" ><div class=\"latest_post_two_info_inner\" ><div class=\"post_info_author\"><img alt='Author Image' src='https:\/\/secure.gravatar.com\/avatar\/a345ca8ff3959e7611c1d3b71caa4e9f?s=30&#038;d=mm&#038;r=g' srcset='https:\/\/secure.gravatar.com\/avatar\/a345ca8ff3959e7611c1d3b71caa4e9f?s=60&#038;d=mm&#038;r=g 2x' class='avatar avatar-30 photo' height='30' width='30' loading='lazy' decoding='async'\/><span class=\"post_info_author_name\">milanga-admin<\/span><\/div><div itemprop=\"dateCreated\" class=\"post_info_date entry_date updated\">21 kovo, 2018<meta itemprop=\"interactionCount\" content=\"UserComments: <?php echo get_comments_number(qode_get_page_id()); ?>\"\/><\/div><\/div><\/div><\/div><\/li><li class=\"clearfix\"><div class=\"latest_post_two_inner\" ><div class=\"latest_post_two_text\"><h5 itemprop=\"name\" class=\"latest_post_two_title entry_title\"><a itemprop=\"url\" href=\"https:\/\/mamutai.lt\/milagna\/sarvuotos-buto-durys-su-mdf-apdaila\/\" >\u0160arvuotos buto durys su MDF apdaila<\/a><\/h5><div class=\"separator small left \" ><\/div><\/div><div class=\"latest_post_two_info\" ><div class=\"latest_post_two_info_inner\" ><div class=\"post_info_author\"><img alt='Author Image' src='https:\/\/secure.gravatar.com\/avatar\/a345ca8ff3959e7611c1d3b71caa4e9f?s=30&#038;d=mm&#038;r=g' srcset='https:\/\/secure.gravatar.com\/avatar\/a345ca8ff3959e7611c1d3b71caa4e9f?s=60&#038;d=mm&#038;r=g 2x' class='avatar avatar-30 photo' height='30' width='30' loading='lazy' decoding='async'\/><span class=\"post_info_author_name\">milanga-admin<\/span><\/div><div itemprop=\"dateCreated\" class=\"post_info_date entry_date updated\">21 kovo, 2018<meta itemprop=\"interactionCount\" content=\"UserComments: <?php echo get_comments_number(qode_get_page_id()); ?>\"\/><\/div><\/div><\/div><\/div><\/li><li class=\"clearfix\"><div class=\"latest_post_two_inner\" ><div class=\"latest_post_two_text\"><h5 itemprop=\"name\" class=\"latest_post_two_title entry_title\"><a itemprop=\"url\" href=\"https:\/\/mamutai.lt\/milagna\/sarvuotos-buto-durys-eko\/\" >\u0160arvuotos buto durys EKO<\/a><\/h5><div class=\"separator small left \" ><\/div><\/div><div class=\"latest_post_two_info\" ><div class=\"latest_post_two_info_inner\" ><div class=\"post_info_author\"><img alt='Author Image' src='https:\/\/secure.gravatar.com\/avatar\/a345ca8ff3959e7611c1d3b71caa4e9f?s=30&#038;d=mm&#038;r=g' srcset='https:\/\/secure.gravatar.com\/avatar\/a345ca8ff3959e7611c1d3b71caa4e9f?s=60&#038;d=mm&#038;r=g 2x' class='avatar avatar-30 photo' height='30' width='30' loading='lazy' decoding='async'\/><span class=\"post_info_author_name\">milanga-admin<\/span><\/div><div itemprop=\"dateCreated\" class=\"post_info_date entry_date updated\">21 kovo, 2018<meta itemprop=\"interactionCount\" content=\"UserComments: <?php echo get_comments_number(qode_get_page_id()); ?>\"\/><\/div><\/div><\/div><\/div><\/li><li class=\"clearfix\"><div class=\"latest_post_two_inner\" ><div class=\"latest_post_two_text\"><h5 itemprop=\"name\" class=\"latest_post_two_title entry_title\"><a itemprop=\"url\" href=\"https:\/\/mamutai.lt\/milagna\/lauko-metalines-durys\/\" >Lauko metalin\u0117s durys<\/a><\/h5><div class=\"separator small left \" ><\/div><\/div><div class=\"latest_post_two_info\" ><div class=\"latest_post_two_info_inner\" ><div class=\"post_info_author\"><img alt='Author Image' src='https:\/\/secure.gravatar.com\/avatar\/a345ca8ff3959e7611c1d3b71caa4e9f?s=30&#038;d=mm&#038;r=g' srcset='https:\/\/secure.gravatar.com\/avatar\/a345ca8ff3959e7611c1d3b71caa4e9f?s=60&#038;d=mm&#038;r=g 2x' class='avatar avatar-30 photo' height='30' width='30' loading='lazy' decoding='async'\/><span class=\"post_info_author_name\">milanga-admin<\/span><\/div><div itemprop=\"dateCreated\" class=\"post_info_date entry_date updated\">21 kovo, 2018<meta itemprop=\"interactionCount\" content=\"UserComments: <?php echo get_comments_number(qode_get_page_id()); ?>\"\/><\/div><\/div><\/div><\/div><\/li><\/ul><\/div>[\/vc_column][vc_column width=&#8221;1\/2&#8243; el_class=&#8221; custom-content&#8221;][vc_empty_space height=&#8221;100px&#8221;][vc_column_text]<\/p>\n<div id=\"content\" class=\"content\" role=\"main\">\n<div class=\"vc_row wpb_row wf-container\">\n<div class=\"wpb_column vc_column_container vc_col-sm-12\">\n<div class=\"vc_column-inner \">\n<div class=\"wpb_wrapper\">\n<div class=\"wpb_text_column wpb_content_element \">\n<div class=\"wpb_wrapper\">\n<p>Ne ma\u017eiau u\u017e med\u017eiagas ir gamybos technologij\u0105 yra svarbi estetika. \u201eOkuome\u201d plok\u0161t\u0117 impregnuojama, gruntuojama ir lakuojama, frezuojamas ra\u0161tas, naudojant profesionalius da\u017eus. Tod\u0117l \u0161arvo durys ne tik optimaliai apsaugomos, bet ir gali lengvai priderinamos prie bet kokio fasado arba nam\u0173 interjero. Kiekvienas u\u017esakovas turi galimyb\u0119 ra\u0161t\u0105 pasirinkti i\u0161 plataus j\u0173 asortimento arba sukurti i\u0161skirtin\u012f ra\u0161t\u0105 pats. Tai priklauso nuo poreiki\u0173.<br \/>\nTuo tarpu medienos dro\u017eli\u0173 plok\u0161t\u0117s yra \u012fvairiausi\u0173 spalv\u0173. Telieka pasirinkti labiausiai patinkan\u010dias.<\/p>\n<\/div>\n<\/div>\n<\/div>\n<\/div>\n<\/div>\n<\/div>\n<\/div>\n<p>[\/vc_column_text][vc_empty_space height=&#8221;10px&#8221;][vc_column_text]<\/p>\n<div id=\"content\" class=\"content\" role=\"main\">\n<div class=\"vc_row wpb_row wf-container\">\n<div class=\"wpb_column vc_column_container vc_col-sm-12\">\n<div class=\"vc_column-inner \">\n<div class=\"wpb_wrapper\">\n<div class=\"wpb_text_column wpb_content_element \">\n<div class=\"wpb_wrapper\">\n<div class=\"wpb_text_column wpb_content_element \">\n<div class=\"wpb_wrapper\">\n<p>M\u016bs\u0173 komanda si\u016blo MDF spalvas, t.y. med\u017eio pluo\u0161to ir ri\u0161an\u010di\u0173 med\u017eiag\u0173 gaminius. D\u0117l gamybos technologijos, naudojant auk\u0161t\u0105 sl\u0117g\u012f ir temperat\u016br\u0105, galima i\u0161gauti \u012fvairiomis formomis i\u0161margint\u0105 dur\u0173 pavir\u0161i\u0173.<\/p>\n<\/div>\n<\/div>\n<\/div>\n<\/div>\n<\/div>\n<\/div>\n<\/div>\n<\/div>\n<\/div>\n<p>[\/vc_column_text][vc_empty_space height=&#8221;10px&#8221;][vc_column_text]<\/p>\n<div id=\"content\" class=\"content\" role=\"main\">\n<div class=\"vc_row wpb_row wf-container\">\n<div class=\"wpb_column vc_column_container vc_col-sm-12\">\n<div class=\"vc_column-inner \">\n<div class=\"wpb_wrapper\">\n<div class=\"wpb_text_column wpb_content_element \">\n<div class=\"wpb_wrapper\">\n<div class=\"wpb_text_column wpb_content_element \">\n<div class=\"wpb_wrapper\">\n<p>Montuojame duris tik su kokybi\u0161komis, cilindrin\u0117mis, spynomis. Ne tik da\u017eome metalines konstrukcijas, ta\u010diau ir atliekame vyri\u0173 apdail\u0105, juos chromuojant. Taip pat pagal kliento pageidavimus galime i\u0161pjauti ir \u012fstatyti stiklo paket\u0105 ar su pvc.<\/p>\n<\/div>\n<\/div>\n<\/div>\n<\/div>\n<\/div>\n<\/div>\n<\/div>\n<\/div>\n<\/div>\n<p>[\/vc_column_text][vc_empty_space][\/vc_column][\/vc_row][vc_row css_animation=&#8221;&#8221; row_type=&#8221;row&#8221; use_row_as_full_screen_section=&#8221;no&#8221; type=&#8221;full_width&#8221; angled_section=&#8221;no&#8221; text_align=&#8221;left&#8221; background_image_as_pattern=&#8221;without_pattern&#8221;][vc_column el_class=&#8221;custom-content&#8221;][\/vc_column][\/vc_row][vc_row css_animation=&#8221;&#8221; row_type=&#8221;row&#8221; use_row_as_full_screen_section=&#8221;yes&#8221; type=&#8221;grid&#8221; angled_section=&#8221;no&#8221; text_align=&#8221;center&#8221; background_image_as_pattern=&#8221;without_pattern&#8221; z_index=&#8221;&#8221;][vc_column width=&#8221;1\/3&#8243;]<a  itemprop=\"url\" href=\"lmdp-spalvos\" target=\"_self\"  class=\"qbutton  big_large_full_width white default\" style=\"\">LMDP spalvos<i class=\"qode_icon_font_awesome fa fa-location-arrow qode_button_icon_element\" style=\"\" ><\/i><\/a>[\/vc_column][vc_column width=&#8221;1\/3&#8243;]<a  itemprop=\"url\" href=\"mdf-spalvos\" target=\"_self\"  class=\"qbutton  big_large_full_width white default\" style=\"\">MDF spalvos<i class=\"qode_icon_font_awesome fa fa-thumb-tack qode_button_icon_element\" style=\"\" ><\/i><\/a>[\/vc_column][vc_column width=&#8221;1\/3&#8243;]<a  itemprop=\"url\" href=\"rastai\" target=\"_self\"  class=\"qbutton  big_large_full_width white default\" style=\"\">Ra\u0161tai<i class=\"qode_icon_font_awesome fa fa-sign-in qode_button_icon_element\" style=\"\" ><\/i><\/a>[\/vc_column][vc_column][vc_empty_space][\/vc_column][\/vc_row][vc_row css_animation=&#8221;&#8221; row_type=&#8221;row&#8221; use_row_as_full_screen_section=&#8221;no&#8221; type=&#8221;grid&#8221; angled_section=&#8221;no&#8221; text_align=&#8221;center&#8221; background_image_as_pattern=&#8221;without_pattern&#8221; z_index=&#8221;&#8221;][vc_column width=&#8221;1\/2&#8243;]<a  itemprop=\"url\" href=\"okuome-standartines-spalvos\" target=\"_self\"  class=\"qbutton  big_large_full_width white default\" style=\"\">OKUOME standartin\u0117s spalvos<i class=\"qode_icon_font_awesome fa fa-map-marker qode_button_icon_element\" style=\"\" ><\/i><\/a>[vc_empty_space height=&#8221;64px&#8221;][\/vc_column][vc_column width=&#8221;1\/2&#8243;]<a  itemprop=\"url\" href=\"duru-spynos\" target=\"_self\"  class=\"qbutton  big_large_full_width white default\" style=\"\">Dur\u0173 spynos<i class=\"qode_icon_font_awesome fa fa-lock qode_button_icon_element\" style=\"\" ><\/i><\/a>[\/vc_column][\/vc_row][vc_row css_animation=&#8221;&#8221; row_type=&#8221;row&#8221; use_row_as_full_screen_section=&#8221;no&#8221; type=&#8221;full_width&#8221; angled_section=&#8221;no&#8221; text_align=&#8221;left&#8221; background_image_as_pattern=&#8221;without_pattern&#8221;][vc_column][vc_column_text]<\/p>\n<h1 style=\"text-align: center;\">\u0160arvuotos Durys Vilnius: U\u017etikrintas saugumas ir stilius<\/h1>\n<h3 style=\"text-align: center;\">U\u017etikrintas saugumas j\u016bs\u0173 namams<\/h3>\n<p style=\"text-align: center;\"><b>Vienas i\u0161 svarbiausi\u0173 dalyk\u0173, r\u016bpintis savo nam\u0173 saugumu. O \u0161arvuotos durys yra puikus b\u016bdas apsaugoti savo namus nuo \u012fsilau\u017eim\u0173 ir nepageidaujam\u0173 sve\u010di\u0173. Jei ie\u0161kote kokybi\u0161k\u0173 ir patikim\u0173 \u0161arvuot\u0173 dur\u0173 Vilniuje, m\u016bs\u0173 \u012fmon\u0117 yra jums tinkamiausias pasirinkimas.<\/b><\/p>\n<ul style=\"text-align: center;\">\n<li><strong>Saugumas, kuriam galite pasitik\u0117ti:<\/strong> M\u016bs\u0173 \u0161arvuotos durys gaminamos naudojant auk\u0161\u010diausios kokyb\u0117s med\u017eiagas ir inovatyvius saugumo sprendimus. Jos yra atsparios sm\u016bgiams, \u012fsilau\u017eimams ir negailestingoms oro s\u0105lygoms, tod\u0117l galite b\u016bti tikri, kad j\u016bs\u0173 namai yra geriausiai apsaugoti.<\/li>\n<li><strong>Stilius, kuris i\u0161siskiria:<\/strong> Be u\u017etikrinto saugumo, m\u016bs\u0173 \u0161arvuotos durys taip pat pasi\u017eymi stilingu ir moderniu dizainu. J\u016bs galite pasirinkti i\u0161 \u012fvairi\u0173 stili\u0173, spalv\u0173 ir apdailos detali\u0173, kad durys puikiai atitikt\u0173 j\u016bs\u0173 nam\u0173 architekt\u016br\u0105 ir j\u016bs\u0173 asmenin\u012f skon\u012f.<\/li>\n<li><strong>Profesional\u016bs montavimo paslaugos<\/strong>: M\u016bs\u0173 komanda sudaryta i\u0161 patyrusi\u0173 specialist\u0173, kurie atliks dur\u0173 montavim\u0105 profesionaliai ir kokybi\u0161kai. Mes atkreipiame ypating\u0105 d\u0117mes\u012f \u012f kiekvien\u0105 detal\u0119, kad b\u016bt\u0173 u\u017etikrintas ne tik dur\u0173 patikimas veikimas, bet ir j\u0173 ilgaam\u017ei\u0161kumas.<\/li>\n<li><strong>Pasitik\u0117kite patirtimi:<\/strong> Mes esame ilgamet\u0117s patirties dur\u0173 gamintojai ir tiek\u0117jai. M\u016bs\u0173 klient\u0173 atsiliepimai ir pasitik\u0117jimas mus \u012fpareigoja nuolat tobulinti savo produktus ir paslaugas. Mes visada siekiame u\u017etikrinti, kad kiekvienas m\u016bs\u0173 klientas b\u016bt\u0173 patenkintas savo naujomis \u0161arvuotomis durimis.<\/li>\n<\/ul>\n<p style=\"text-align: center;\"><b>U\u017etikrinkite saugum\u0105 ir stili\u0173 savo namams su m\u016bs\u0173 \u0161arvuotomis durimis Vilniuje. Susisiekite su mumis \u0161iandien ir pasitikrinkite, kaip galime pad\u0117ti jums apsaugoti savo namus.<\/b><\/p>\n<p>&nbsp;<\/p>\n<h2>Kod\u0117l verta rinktis \u0161arvuotas duris?&#8221;<\/h2>\n<p>\u0160arvuotos durys yra ypatingos durys, kurios yra sustiprintos specialiais metaliniais arba plieniniais sluoksniais, siekiant padidinti j\u0173 atsparum\u0105 \u012fvairiems pavojams. \u0160i\u0173 dur\u0173 naudojimas tampa vis populiaresnis ir tur\u0117ti \u0161arvuotas duris tampa i\u0161mintingu pasirinkimu. \u0160tai kelios prie\u017eastys, kod\u0117l verta rinktis \u0161arvuotas duris:<\/p>\n<h3>Didelis saugumas ir apsauga<\/h3>\n<p>\u0160arvuotos durys yra daug tvirtesn\u0117s ir atsparios \u012fsilau\u017eimams nei \u012fprastos durys. J\u0173 specialus konstrukcijos dizainas ir naudojami stipr\u016bs metaliniai sluoksniai padeda u\u017etikrinti, kad \u012fsilau\u017e\u0117liams bus labai sunku ar net ne\u012fmanoma patekti \u012f j\u016bs\u0173 namus ar verslo patalpas. Tai suteikia didel\u0119 saugumo jausm\u0105 ir apsaug\u0105 nuo vagys\u010di\u0173 ir nelaukto lankytojo.<\/p>\n<h3>Ugnies atsparumas<\/h3>\n<p>Kai kurios \u0161arvuotos durys taip pat turi specialias ugnies atsparumo savybes. Tai rei\u0161kia, kad jos gali atlaikyti auk\u0161tas temperat\u016bras ilgesn\u012f laik\u0105, u\u017ekertant keli\u0105 ugnies plitimui ir leisdamos ilgiau i\u0161likti saugiai.<\/p>\n<h3>Izoliacija nuo triuk\u0161mo ir \u0161al\u010dio<\/h3>\n<p>Dauguma \u0161arvuot\u0173 dur\u0173 turi geresnes izoliacijos savybes nei \u012fprastos durys. Tai padeda suma\u017einti triuk\u0161m\u0105 i\u0161 gatv\u0117s ar kaimyn\u0173 patalp\u0173, taip pat padeda i\u0161laikyti pastovi\u0105 vidutin\u0119 temperat\u016br\u0105 patalpoje, ma\u017einant \u0161ildymo ar v\u0117sinimo s\u0105naudas.<\/p>\n<h3>Ilgaam\u017ei\u0161kumas ir ma\u017eas prie\u017ei\u016bros poreikis<\/h3>\n<p>D\u0117l stiprios konstrukcijos ir kokybi\u0161k\u0173 med\u017eiag\u0173, \u0161arvuotos durys yra ilgaam\u017e\u0117s ir atsparios \u012fvairiems klimato s\u0105lygoms. Tai rei\u0161kia, kad ne tik gausite didesn\u012f saugumo lyg\u012f, bet ir ilgiau gal\u0117site m\u0117gautis \u0161iomis durimis be da\u017eno remonto ar pakeitim\u0173.<\/p>\n<h3>Estetika ir stilius<\/h3>\n<p>\u0160arvuotos durys gali b\u016bti \u012fvairi\u0173 stili\u0173 ir spalv\u0173, tad lengvai pritaikomos prie j\u016bs\u0173 nam\u0173 ar verslo interjero. Jos gali atrodyti eleganti\u0161kai ir moderniai, taip pat suteikiant geresn\u012f \u012fsp\u016bd\u012f aplinkiniams.<\/p>\n<h3>Prid\u0117tin\u0117 vert\u0117 nekilnojamajam turtui<\/h3>\n<p>Tur\u0117dami \u0161arvuotas duris, j\u016bs\u0173 namai ar verslo patalpos tampa vertingesn\u0117s rinkoje. Potencial\u016bs pirk\u0117jai ar nuomininkai vertins didesn\u012f saugumo lyg\u012f, o tai padidins j\u016bs\u0173 turtas vert\u0119.<\/p>\n<h3>Taikomos skirtingose srityse<\/h3>\n<p>\u0160arvuotos durys gali b\u016bti naudojamos ne tik namuose, bet ir komercin\u0117se patalpose, tokiose kaip bankai, vie\u0161bu\u010diai, ofisai, bei kitose vietose, kuriose yra auk\u0161tesni saugumo reikalavimai.[\/vc_column_text][\/vc_column][\/vc_row][vc_row css_animation=&#8221;&#8221; row_type=&#8221;row&#8221; use_row_as_full_screen_section=&#8221;no&#8221; type=&#8221;full_width&#8221; angled_section=&#8221;no&#8221; text_align=&#8221;left&#8221; background_image_as_pattern=&#8221;without_pattern&#8221;][vc_column][\/vc_column][\/vc_row]<\/p>\n","protected":false},"excerpt":{"rendered":"<p>[vc_row css_animation=&#8221;&#8221; row_type=&#8221;row&#8221; use_row_as_full_screen_section=&#8221;no&#8221; type=&#8221;grid&#8221; angled_section=&#8221;no&#8221; text_align=&#8221;left&#8221; background_image_as_pattern=&#8221;without_pattern&#8221; z_index=&#8221;&#8221;][vc_column][vc_empty_space][vc_column_text] Norint apsaugoti namus nuo \u0161al\u010dio ir nekviest\u0173 sve\u010di\u0173 b\u016btina pasirinkti kokybi\u0161kas lauko, laiptin\u0117s ir buto duris. [\/vc_column_text][vc_column_text] Mes dirbame tik su laiko patikrintais gamintojais. Tod\u0117l si\u016blome kokybi\u0161kas \u0161arvuotas EKO duris, lauko, buto ir laiptin\u0117s duris bei&#8230;<\/p>\n","protected":false},"author":1,"featured_media":0,"parent":159,"menu_order":0,"comment_status":"closed","ping_status":"closed","template":"full_width.php","meta":{"footnotes":""},"_links":{"self":[{"href":"https:\/\/mamutai.lt\/milagna\/wp-json\/wp\/v2\/pages\/481"}],"collection":[{"href":"https:\/\/mamutai.lt\/milagna\/wp-json\/wp\/v2\/pages"}],"about":[{"href":"https:\/\/mamutai.lt\/milagna\/wp-json\/wp\/v2\/types\/page"}],"author":[{"embeddable":true,"href":"https:\/\/mamutai.lt\/milagna\/wp-json\/wp\/v2\/users\/1"}],"replies":[{"embeddable":true,"href":"https:\/\/mamutai.lt\/milagna\/wp-json\/wp\/v2\/comments?post=481"}],"version-history":[{"count":26,"href":"https:\/\/mamutai.lt\/milagna\/wp-json\/wp\/v2\/pages\/481\/revisions"}],"predecessor-version":[{"id":1063,"href":"https:\/\/mamutai.lt\/milagna\/wp-json\/wp\/v2\/pages\/481\/revisions\/1063"}],"up":[{"embeddable":true,"href":"https:\/\/mamutai.lt\/milagna\/wp-json\/wp\/v2\/pages\/159"}],"wp:attachment":[{"href":"https:\/\/mamutai.lt\/milagna\/wp-json\/wp\/v2\/media?parent=481"}],"curies":[{"name":"wp","href":"https:\/\/api.w.org\/{rel}","templated":true}]}}