{"id":432,"date":"2018-03-20T15:13:13","date_gmt":"2018-03-20T15:13:13","guid":{"rendered":"https:\/\/www.milanga.lt\/?page_id=432"},"modified":"2020-07-01T20:31:07","modified_gmt":"2020-07-01T17:31:07","slug":"vidaus-ir-lauko-palanges","status":"publish","type":"page","link":"https:\/\/mamutai.lt\/milagna\/paslaugos\/plastikiniai-langai\/vidaus-ir-lauko-palanges\/","title":{"rendered":"Vidaus ir lauko palang\u0117s"},"content":{"rendered":"<p>[vc_row css_animation=&#8221;&#8221; row_type=&#8221;row&#8221; use_row_as_full_screen_section=&#8221;no&#8221; type=&#8221;full_width&#8221; angled_section=&#8221;no&#8221; text_align=&#8221;left&#8221; background_image_as_pattern=&#8221;without_pattern&#8221;][vc_column width=&#8221;2\/3&#8243;][vc_column_text]<strong>Palang\u0117mis atskirai neprekiaujame, komplektuojame tik kartu su PVC gaminiais<\/strong><\/p>\n<h2 class=\"h3-size\">Vidaus palang\u0117s<\/h2>\n<p>&nbsp;<\/p>\n<p>Vidaus palang\u0117s yra svarbi interjero ar eksterjero dalis, atliekanti tiek praktin\u0119, tiek estetin\u0119 funkcij\u0105. \u0160iuolaikin\u0117 vidaus palangi\u0173 gamyba neapsiriboja tradicin\u0117mis formomis, suteikia palangei estetin\u0119 vert\u0119, tod\u0117l \u010dia svarbus ir palang\u0117s storis, ir\u00a0 auk\u0161tis. Viduje derinamos prie interjero, parenkami tinkami atspalviai bei formos.<\/p>\n<p>&nbsp;<\/p>\n<h3><strong>PVC<\/strong><\/h3>\n<p>Plastikin\u0117s ekonomin\u0117s vidaus palang\u0117s profilis sukurtas naudojant tu\u0161\u010diavidur\u0119 trikamp\u0119 pertvar\u0173 sistem\u0105, kuri u\u017etikrina PVC palang\u0117s standum\u0105, auk\u0161t\u0105 atsparum\u0105 lenkimui ir ma\u017e\u0105 gaminio svor\u012f. \u00a0Palang\u0117s pavir\u0161ius padengtas apsaugine pl\u0117vele, kuri apsaugo gamin\u012f transportavimo ir montavimo metu.<\/p>\n<p><strong>Kokybi\u0161ka plastikin\u0117 baltos spalvos palang\u0117<\/strong> vidiniams ir i\u0161oriniam naudojimui. Labai svarbus plastikini\u0173 palangi\u0173 privalumas \u2013 itin didelis atsparumas dr\u0117gmei, \u0161al\u010diui ir saul\u0117s spinduliams. Jos nekeis savo formos, nesideformuos nei veikiamos \u0161ildymo sistemos radiatori\u0173 \u0161ilumos, nei nuo laistom\u0173 g\u0117li\u0173 dr\u0117gm\u0117s. Jos gaminamos i\u0161 sm\u016bgiams atsparaus plastiko, padengto auk\u0161tos kokyb\u0117s laminatu, tod\u0117l yra pakankamai tvirtos, atsparios nedideliems mechaniniams pa\u017eeidimams, buitiniai valymo chemijai, sunkiai degios ir nepel\u0117jan\u010dios. D\u0117l savo ypatingos pertvar\u0173 sistemos konstrukcijos plastikin\u0117s yra atsparios lenkimui ir yra itin lengvos.<\/p>\n<p>&nbsp;<\/p>\n<h3>MDP<\/h3>\n<p>\u012eprastas med\u017eio dro\u017eli\u0173 palang\u0117s \u2013 Melnox (arba) Sprela. Itin kokybi\u0161kas, stipriai suspaust\u0173 med\u017eio dro\u017eli\u0173 palang\u0117s \u2013 Werzalit.\u00a0Kiekviena i\u0161 m\u016bs\u0173 turim\u0173 r\u016b\u0161i\u0173 vidaus palangi\u0173 skiriasi savo forma, spalv\u0173 pasirinkimu ir der\u0117jimu prie interjero. Tam mes turime labai didel\u012f pasirinkim\u0105.<\/p>\n<p>Interjeruose, kur labai svarbi kiekviena detal\u0117 ir naudojamos itin kokybi\u0161kos apdailos med\u017eiagos \u2013 si\u016blome naudoti Werzalit palang\u0117s. Kitur puikiai tinka naudoti Melnox arba Deceuninck vidaus palanges.<\/p>\n<p>&nbsp;<\/p>\n<h2 class=\"h3-size\">Lauko palang\u0117s<\/h2>\n<p>&nbsp;<\/p>\n<p>Gaminame lauko palanges pagal kliento duodamus matmenis. Palangi\u0173 gamyboje naudojame kokybi\u0161k\u0105 voki\u0161k\u0105 0,45 mm \u201cArcelor\u201d cinkuota skard\u0105. Dengtos plastiku skardin\u0117s palanges papildomai gruntuojamos. Nuo nepageidaujam\u0173 i\u0161or\u0117s veiksni\u0173 apsaugo da\u017e\u0173 ar spalvoto plastiko sluoksnis. \u0160ioms palang\u0117ms galima pasi\u016blyti vis\u0105 spalv\u0173 spektr\u0105 RAL palet\u0117je.<\/p>\n<p>Lauko palang\u0117s apsaugo patalpas nuo dr\u0117gm\u0117s, u\u017ebaigia lango apatin\u0119 dal\u012f, tod\u0117l labai svarbu kokybi\u0161kai sumontuoti palanges. Siekiant u\u017ekirsti keli\u0105 dr\u0117gm\u0117s kaupimuisi, u\u017etikrinti sandarum\u0105, \u0161ilumos izoliacij\u0105 ir suma\u017einti d\u0117l krintan\u010dio vandens atsirandan\u010di\u0173 skardin\u0117s palang\u0117s skleid\u017eiam\u0173 gars\u0173 stiprum\u0105, palang\u0117s montavimas turi b\u016bti atliekamas naudojant tinkamas ir kokybi\u0161kas med\u017eiagas, atliekamas profesionaliai. Verta prisiminti, kad prastai sumontavus, net ir kokybi\u0161kos palang\u0117s negal\u0117s tinkamai atlikti savo funkcij\u0173.<\/p>\n<p>&nbsp;<\/p>\n<p><strong>Palang\u0117mis atskirai neprekiaujame, komplektuojame tik kartu su PVC gaminiais<\/strong>[\/vc_column_text][vc_empty_space][\/vc_column][vc_column width=&#8221;1\/3&#8243;][vc_single_image image=&#8221;433&#8243; img_size=&#8221;full&#8221; qode_css_animation=&#8221;&#8221;][\/vc_column][\/vc_row]<\/p>\n","protected":false},"excerpt":{"rendered":"<p>[vc_row css_animation=&#8221;&#8221; row_type=&#8221;row&#8221; use_row_as_full_screen_section=&#8221;no&#8221; type=&#8221;full_width&#8221; angled_section=&#8221;no&#8221; text_align=&#8221;left&#8221; background_image_as_pattern=&#8221;without_pattern&#8221;][vc_column width=&#8221;2\/3&#8243;][vc_column_text]Palang\u0117mis atskirai neprekiaujame, komplektuojame tik kartu su PVC gaminiais Vidaus palang\u0117s &nbsp; Vidaus palang\u0117s yra svarbi interjero ar eksterjero dalis, atliekanti tiek praktin\u0119, tiek estetin\u0119 funkcij\u0105. \u0160iuolaikin\u0117 vidaus palangi\u0173 gamyba neapsiriboja tradicin\u0117mis formomis, suteikia palangei estetin\u0119 vert\u0119,&#8230;<\/p>\n","protected":false},"author":1,"featured_media":0,"parent":304,"menu_order":0,"comment_status":"closed","ping_status":"closed","template":"","meta":{"footnotes":""},"_links":{"self":[{"href":"https:\/\/mamutai.lt\/milagna\/wp-json\/wp\/v2\/pages\/432"}],"collection":[{"href":"https:\/\/mamutai.lt\/milagna\/wp-json\/wp\/v2\/pages"}],"about":[{"href":"https:\/\/mamutai.lt\/milagna\/wp-json\/wp\/v2\/types\/page"}],"author":[{"embeddable":true,"href":"https:\/\/mamutai.lt\/milagna\/wp-json\/wp\/v2\/users\/1"}],"replies":[{"embeddable":true,"href":"https:\/\/mamutai.lt\/milagna\/wp-json\/wp\/v2\/comments?post=432"}],"version-history":[{"count":10,"href":"https:\/\/mamutai.lt\/milagna\/wp-json\/wp\/v2\/pages\/432\/revisions"}],"predecessor-version":[{"id":986,"href":"https:\/\/mamutai.lt\/milagna\/wp-json\/wp\/v2\/pages\/432\/revisions\/986"}],"up":[{"embeddable":true,"href":"https:\/\/mamutai.lt\/milagna\/wp-json\/wp\/v2\/pages\/304"}],"wp:attachment":[{"href":"https:\/\/mamutai.lt\/milagna\/wp-json\/wp\/v2\/media?parent=432"}],"curies":[{"name":"wp","href":"https:\/\/api.w.org\/{rel}","templated":true}]}}