{"id":411,"date":"2018-03-20T14:36:19","date_gmt":"2018-03-20T14:36:19","guid":{"rendered":"https:\/\/www.milanga.lt\/?page_id=411"},"modified":"2022-06-07T08:46:28","modified_gmt":"2022-06-07T05:46:28","slug":"akcija","status":"publish","type":"page","link":"https:\/\/mamutai.lt\/milagna\/paslaugos\/plastikiniai-langai\/akcija\/","title":{"rendered":"Plastikini\u0173 lang\u0173 akcija"},"content":{"rendered":"<p>[vc_row css_animation=&#8221;&#8221; row_type=&#8221;row&#8221; use_row_as_full_screen_section=&#8221;no&#8221; type=&#8221;full_width&#8221; angled_section=&#8221;no&#8221; text_align=&#8221;left&#8221; background_image_as_pattern=&#8221;without_pattern&#8221;][vc_column][vc_column_text]<\/p>\n<h2 style=\"text-align: center;\"><strong>Lang\u0173 akcija\u00a0<\/strong><\/h2>\n<p>[\/vc_column_text][\/vc_column][\/vc_row][vc_row css_animation=&#8221;&#8221; row_type=&#8221;row&#8221; use_row_as_full_screen_section=&#8221;no&#8221; type=&#8221;grid&#8221; angled_section=&#8221;no&#8221; text_align=&#8221;left&#8221; background_image_as_pattern=&#8221;without_pattern&#8221; css=&#8221;.vc_custom_1521217673251{margin-top: 50px !important;background-color: #ffffff !important;}&#8221; z_index=&#8221;&#8221;][vc_column width=&#8221;1\/4&#8243;][vc_single_image image=&#8221;414&#8243; img_size=&#8221;full&#8221; qode_css_animation=&#8221;&#8221;][\/vc_column][vc_column width=&#8221;3\/4&#8243;][vc_column_text]<\/p>\n<div class=\"vc_row wpb_row wf-container\">\n<div class=\"wpb_column vc_column_container vc_col-sm-12\">\n<div class=\"vc_column-inner \">\n<div class=\"wpb_wrapper\">\n<div class=\"wpb_text_column wpb_content_element \">\n<div class=\"wpb_wrapper\">\n<p>&nbsp;<\/p>\n<p>VEKA EFECTLINE 5 kamer\u0173 langai, maco apkaustai, A klas\u0117<\/p>\n<p>&nbsp;<\/p>\n<\/div>\n<\/div>\n<\/div>\n<\/div>\n<\/div>\n<\/div>\n<p>[\/vc_column_text][vc_empty_space][\/vc_column][\/vc_row][vc_row css_animation=&#8221;&#8221; row_type=&#8221;row&#8221; use_row_as_full_screen_section=&#8221;no&#8221; type=&#8221;full_width&#8221; angled_section=&#8221;no&#8221; text_align=&#8221;left&#8221; background_image_as_pattern=&#8221;without_pattern&#8221;][vc_column width=&#8221;1\/4&#8243;][vc_single_image image=&#8221;413&#8243; img_size=&#8221;full&#8221; qode_css_animation=&#8221;&#8221;][\/vc_column][vc_column width=&#8221;3\/4&#8243;][vc_column_text]<\/p>\n<div class=\"vc_row wpb_row wf-container\">\n<div class=\"wpb_column vc_column_container vc_col-sm-12\">\n<div class=\"vc_column-inner \">\n<div class=\"wpb_wrapper\">\n<div class=\"wpb_text_column wpb_content_element \">\n<div class=\"wpb_wrapper\">\n<p>&nbsp;<\/p>\n<p>VEKA EFECTLINE 5 kamer\u0173 langai, maco apkaustai, A klas\u0117<\/p>\n<p>&nbsp;<\/p>\n<\/div>\n<\/div>\n<\/div>\n<\/div>\n<\/div>\n<\/div>\n<p>[\/vc_column_text][vc_empty_space][\/vc_column][\/vc_row][vc_row css_animation=&#8221;&#8221; row_type=&#8221;row&#8221; use_row_as_full_screen_section=&#8221;no&#8221; type=&#8221;full_width&#8221; angled_section=&#8221;no&#8221; text_align=&#8221;left&#8221; background_image_as_pattern=&#8221;without_pattern&#8221;][vc_column width=&#8221;1\/4&#8243;][vc_single_image image=&#8221;412&#8243; img_size=&#8221;full&#8221; qode_css_animation=&#8221;&#8221;][\/vc_column][vc_column width=&#8221;3\/4&#8243;][vc_column_text]<\/p>\n<div class=\"vc_row wpb_row wf-container\">\n<div class=\"wpb_column vc_column_container vc_col-sm-12\">\n<div class=\"vc_column-inner \">\n<div class=\"wpb_wrapper\">\n<div class=\"wpb_text_column wpb_content_element \">\n<div class=\"wpb_wrapper\">\n<p>&nbsp;<\/p>\n<p>VEKA EFECTLINE 5 kamer\u0173 langai, maco apkaustai, A klas\u0117<\/p>\n<p>&nbsp;<\/p>\n<\/div>\n<\/div>\n<\/div>\n<\/div>\n<\/div>\n<\/div>\n<p>[\/vc_column_text][vc_empty_space][\/vc_column][\/vc_row][vc_row css_animation=&#8221;&#8221; row_type=&#8221;row&#8221; use_row_as_full_screen_section=&#8221;no&#8221; type=&#8221;full_width&#8221; angled_section=&#8221;no&#8221; text_align=&#8221;left&#8221; background_image_as_pattern=&#8221;without_pattern&#8221;][vc_column width=&#8221;1\/2&#8243;][vc_column_text]<\/p>\n<h3>Kainos nurodytos tik gamini\u0173.<\/h3>\n<p>Papildomai galima u\u017esisakyti :<\/p>\n<ul>\n<li>Montavimo darb\u0173 paslaug\u0105<\/li>\n<li>PVC apdailin\u0119 juostel\u0117 i\u0161 lauko pus\u0117s<\/li>\n<li>I\u0161orin\u0119 PVC palang\u0119<\/li>\n<li>Sandarinimo juostas (garo &#8211; besiple\u010dian\u010dia)<\/li>\n<li>\u201eTarybines\u201c orlaides<\/li>\n<li>Sen\u0173 gamini\u0173 i\u0161ve\u017eim\u0105<\/li>\n<\/ul>\n<p>[\/vc_column_text][vc_empty_space][\/vc_column][vc_column width=&#8221;1\/2&#8243;][vc_gallery interval=&#8221;3&#8243; images=&#8221;869,870,402,401,400,868,867&#8243; img_size=&#8221;large&#8221;][\/vc_column][\/vc_row][vc_row css_animation=&#8221;&#8221; row_type=&#8221;row&#8221; use_row_as_full_screen_section=&#8221;no&#8221; type=&#8221;full_width&#8221; angled_section=&#8221;no&#8221; text_align=&#8221;left&#8221; background_image_as_pattern=&#8221;without_pattern&#8221;][vc_column][vc_column_text]VEKA EFFECTLINE \u2013 bazinis, ta\u010diau i\u0161 auk\u0161\u010diausios kokyb\u0117s med\u017eiag\u0173 pagamintas, 5 kamer\u0173, 70mm gylio, klasikinio dizaino VEKA kompanijos lang\u0173 profilis, skirtas gyvenamiesiems ir visuomeniniams pastatams. Profilis yra gaminamas Vokietijoje VEKA AG Sendenhorst tik i\u0161 pirmini\u0173 \u017ealiav\u0173. Verta atkreipti d\u0117mes\u012f ir \u012f klasikin\u012f plastikini\u0173 lang\u0173 dizain\u0105: \u0161velniai suapvalinti profiliai puikiai tinka \u012fvairi\u0173 stili\u0173 pastatams \u2013 tiek moderniems naujos architekt\u016bros statiniams, tiek renovuojamiems senos statybos namams. PVC profilis atitinka grie\u017e\u010diausius aplinkosaugos ir statybos standartus, tod\u0117l naudojamas ir tuose pastatuose, kur reikalingas padidintas lango profilio tvirtumas, apsauga nuo triuk\u0161mo. Veka EffectLine plastikiniai langai yra auk\u0161tos kokyb\u0117s, atitinka visus privalomus langams reikalavimus. Jie bus puikus pasirinkimas tiems, kurie prioritet\u0105 teikia klasikinei i\u0161vaizdai ir s\u0105lyginai neauk\u0161tai kainai. \u0160io modelio langai kaip ir kiti Veka linijos gaminiai pasi\u017eymi geromis izoliacin\u0117mis savyb\u0117mis.<\/p>\n<p>Teisingai pasirinkti langus ir duris n\u0117ra lengva. Kyla \u012fvairiausi\u0173 klausim\u0173: kaip skiriant optimalias investicijas sukurti stilingus, \u0161iltus, \u0161viesius, saugius ir ramius namus? Galiausiai, kaip i\u0161sirinkti langus, atitinkan\u010dius tiek l\u016bkes\u010dius, tiek statybos reikalavimus?<\/p>\n<p>Siekdami palengvinti tinkamiausi\u0173 lang\u0173 J\u016bs\u0173 b\u016bstui pasirinkim\u0105, NEMOKAMAI suteikiame konsultacijas apie:<\/p>\n<ul>\n<li>Optimaliausius lang\u0173 ir dur\u0173 konstrukcinius sprendimus,<\/li>\n<li>Ekonomi\u0161kai tikslingiausi\u0105 lang\u0173 ir ar dur\u0173 model\u012f,<\/li>\n<li>Reikiam\u0105 termoizoliacij\u0105 ir triuk\u0161mo slopinim\u0105 u\u017etikrinan\u010dias \u012fstiklinimo r\u016b\u0161is,<\/li>\n<li>Sveik\u0105 patalp\u0173 mikroklimat\u0105 padedan\u010dias palaikyti ventiliacijos priemones,<\/li>\n<li>Prie\u0161i\u0161lau\u017eiminio lang\u0173 ir dur\u0173 sustiprinimo b\u016bdus,<\/li>\n<li>Patogum\u0105, funkcionalum\u0105 ir estetin\u012f vaizd\u0105 pagerinan\u010dius lang\u0173 ar dur\u0173 priedus,<\/li>\n<li>Teisingus lang\u0173 ir dur\u0173 sumontavimo b\u016bdus.<\/li>\n<\/ul>\n<p>[\/vc_column_text][vc_empty_space][\/vc_column][\/vc_row]<\/p>\n","protected":false},"excerpt":{"rendered":"<p>[vc_row css_animation=&#8221;&#8221; row_type=&#8221;row&#8221; use_row_as_full_screen_section=&#8221;no&#8221; type=&#8221;full_width&#8221; angled_section=&#8221;no&#8221; text_align=&#8221;left&#8221; background_image_as_pattern=&#8221;without_pattern&#8221;][vc_column][vc_column_text] Lang\u0173 akcija\u00a0 [\/vc_column_text][\/vc_column][\/vc_row][vc_row css_animation=&#8221;&#8221; row_type=&#8221;row&#8221; use_row_as_full_screen_section=&#8221;no&#8221; type=&#8221;grid&#8221; angled_section=&#8221;no&#8221; text_align=&#8221;left&#8221; background_image_as_pattern=&#8221;without_pattern&#8221; css=&#8221;.vc_custom_1521217673251{margin-top: 50px !important;background-color: #ffffff !important;}&#8221; z_index=&#8221;&#8221;][vc_column width=&#8221;1\/4&#8243;][vc_single_image image=&#8221;414&#8243; img_size=&#8221;full&#8221; qode_css_animation=&#8221;&#8221;][\/vc_column][vc_column width=&#8221;3\/4&#8243;][vc_column_text] &nbsp; VEKA EFECTLINE 5 kamer\u0173 langai, maco apkaustai, A klas\u0117 &nbsp; [\/vc_column_text][vc_empty_space][\/vc_column][\/vc_row][vc_row css_animation=&#8221;&#8221; row_type=&#8221;row&#8221; use_row_as_full_screen_section=&#8221;no&#8221; type=&#8221;full_width&#8221;&#8230;<\/p>\n","protected":false},"author":1,"featured_media":0,"parent":304,"menu_order":0,"comment_status":"closed","ping_status":"closed","template":"","meta":{"footnotes":""},"_links":{"self":[{"href":"https:\/\/mamutai.lt\/milagna\/wp-json\/wp\/v2\/pages\/411"}],"collection":[{"href":"https:\/\/mamutai.lt\/milagna\/wp-json\/wp\/v2\/pages"}],"about":[{"href":"https:\/\/mamutai.lt\/milagna\/wp-json\/wp\/v2\/types\/page"}],"author":[{"embeddable":true,"href":"https:\/\/mamutai.lt\/milagna\/wp-json\/wp\/v2\/users\/1"}],"replies":[{"embeddable":true,"href":"https:\/\/mamutai.lt\/milagna\/wp-json\/wp\/v2\/comments?post=411"}],"version-history":[{"count":34,"href":"https:\/\/mamutai.lt\/milagna\/wp-json\/wp\/v2\/pages\/411\/revisions"}],"predecessor-version":[{"id":1028,"href":"https:\/\/mamutai.lt\/milagna\/wp-json\/wp\/v2\/pages\/411\/revisions\/1028"}],"up":[{"embeddable":true,"href":"https:\/\/mamutai.lt\/milagna\/wp-json\/wp\/v2\/pages\/304"}],"wp:attachment":[{"href":"https:\/\/mamutai.lt\/milagna\/wp-json\/wp\/v2\/media?parent=411"}],"curies":[{"name":"wp","href":"https:\/\/api.w.org\/{rel}","templated":true}]}}