{"id":132,"date":"2018-01-12T08:02:15","date_gmt":"2018-01-12T08:02:15","guid":{"rendered":"http:\/\/bridge129.qodeinteractive.com\/?page_id=132"},"modified":"2020-07-03T13:46:43","modified_gmt":"2020-07-03T10:46:43","slug":"apie-mus","status":"publish","type":"page","link":"https:\/\/mamutai.lt\/milagna\/apie-mus\/","title":{"rendered":"Apie mus"},"content":{"rendered":"<p>[vc_row css_animation=&#8221;&#8221; row_type=&#8221;row&#8221; use_row_as_full_screen_section=&#8221;no&#8221; type=&#8221;grid&#8221; angled_section=&#8221;no&#8221; text_align=&#8221;left&#8221; background_image_as_pattern=&#8221;without_pattern&#8221; padding_top=&#8221;119&#8243; padding_bottom=&#8221;87&#8243; z_index=&#8221;&#8221; css=&#8221;.vc_custom_1515745451587{background-color: #ffffff !important;}&#8221;][vc_column offset=&#8221;vc_col-md-6&#8243;][vc_separator type=&#8221;transparent&#8221; up=&#8221;-18&#8243;][vc_column_text]<\/p>\n<h1>Profesionalios paslaugos<\/h1>\n<p>[\/vc_column_text][vc_separator type=&#8221;small&#8221; position=&#8221;left&#8221; color=&#8221;#00a184&#8243; thickness=&#8221;4&#8243; width=&#8221;48&#8243; up=&#8221;17&#8243; down=&#8221;27&#8243;][vc_column_text]<\/p>\n<div class=\"vc_row wpb_row wf-container\">\n<div class=\"wpb_column vc_column_container vc_col-sm-12\">\n<div class=\"vc_column-inner \">\n<div class=\"wpb_wrapper\">\n<div class=\"wpb_text_column wpb_content_element \">\n<div class=\"wpb_wrapper\">\n<p><strong>Pagrindin\u0117 m\u016bs\u0173 veiklos sritis<\/strong> \u2013 auk\u0161\u010diausios kokyb\u0117s A++ energinio naudingumo lang\u0173, balkono konstrukcij\u0173 ir \u0161arvuot\u0173 dur\u0173 prekyba.<\/p>\n<p>\u012emon\u0117s darbuotojai, tiek\u0117jai ir partneriai \u0161ioje srityje dirba jau ne vien\u0105 de\u0161imtmet\u012f. Tod\u0117l<strong> m\u016bs\u0173 prioritetas<\/strong> \u2013 kokyb\u0117 ir geriausi sprendimai PVC lang\u0173 sistem\u0173 srityje. Nuolatin\u0117 ir nepertraukiama komunikacija su klientais, \u012fsiklausymas \u012f j\u0173 poreikius, inovacij\u0173 pritaikymas, gamybos tendencij\u0173 steb\u0117sena leid\u017eia pasi\u016blyti tinkamiausius sprendimus. Juose dera komfortas, ilgaam\u017ei\u0161kumas ir dizaino estetika.<\/p>\n<\/div>\n<\/div>\n<\/div>\n<\/div>\n<\/div>\n<\/div>\n<p>[\/vc_column_text][vc_empty_space height=&#8221;36px&#8221;]<a  itemprop=\"url\" href=\"..\/kontaktai\" target=\"_parent\"  class=\"qbutton  default\" style=\"\">Susisiekite<\/a>[vc_empty_space height=&#8221;30px&#8221;][\/vc_column][vc_column offset=&#8221;vc_col-md-6&#8243;][vc_single_image image=&#8221;707&#8243; img_size=&#8221;full&#8221; qode_css_animation=&#8221;&#8221;][vc_empty_space height=&#8221;30px&#8221;][\/vc_column][\/vc_row][vc_row css_animation=&#8221;&#8221; row_type=&#8221;row&#8221; use_row_as_full_screen_section=&#8221;no&#8221; type=&#8221;grid&#8221; angled_section=&#8221;no&#8221; text_align=&#8221;left&#8221; background_image_as_pattern=&#8221;without_pattern&#8221; padding_top=&#8221;128&#8243; padding_bottom=&#8221;72&#8243; z_index=&#8221;&#8221; css=&#8221;.vc_custom_1515746131461{background-color: #ecebeb !important;}&#8221;][vc_column offset=&#8221;vc_col-md-4&#8243;][qode_elements_holder number_of_columns=&#8221;one_column&#8221;][qode_elements_holder_item item_padding=&#8221;9px 12px 0px 11px&#8221; advanced_animations=&#8221;no&#8221;][vc_single_image image=&#8221;384&#8243; img_size=&#8221;full&#8221; qode_css_animation=&#8221;&#8221;][\/qode_elements_holder_item][\/qode_elements_holder][vc_empty_space height=&#8221;30px&#8221;][\/vc_column][vc_column offset=&#8221;vc_col-md-8&#8243;][vc_column_text]<\/p>\n<h2>M\u016bs\u0173 paslaugos<\/h2>\n<p>[\/vc_column_text][vc_empty_space height=&#8221;45px&#8221;]<div class=\"q_icon_list\"><i class=\"qode_icon_font_awesome fa fa-home qode-ili-icon-holder circle\" style=\"color: #ffffff;background-color: #2cd3b4;\" ><\/i><p style=\"color:#000000;\">Lang\u0173 ir dur\u0173 servisas<\/p><\/div>[vc_separator type=&#8221;transparent&#8221; up=&#8221;-23&#8243;]<div class=\"q_icon_list\"><i class=\"qode_icon_font_awesome fa fa-clone qode-ili-icon-holder circle\" style=\"color: #ffffff;background-color: #2cd3b4;\" ><\/i><p style=\"color:#000000;\">Lang\u0173 montavimas<\/p><\/div>[vc_separator type=&#8221;transparent&#8221; up=&#8221;-23&#8243;]<div class=\"q_icon_list\"><i class=\"qode_icon_font_awesome fa fa-th qode-ili-icon-holder circle\" style=\"color: #ffffff;background-color: #2cd3b4;\" ><\/i><p style=\"color:#000000;\">Vidaus ir lauko palang\u0117s<\/p><\/div>[vc_separator type=&#8221;transparent&#8221; up=&#8221;-23&#8243;]<div class=\"q_icon_list\"><i class=\"qode_icon_font_awesome fa fa-gavel qode-ili-icon-holder circle\" style=\"color: #ffffff;background-color: #2cd3b4;\" ><\/i><p style=\"color:#000000;\">Statybos darbai<\/p><\/div>[vc_empty_space height=&#8221;30px&#8221;]<a  itemprop=\"url\" href=\"..\/paslaugos\" target=\"_self\"  class=\"qbutton  default\" style=\"\">Pla\u010diau<\/a>[\/vc_column][\/vc_row]<\/p>\n","protected":false},"excerpt":{"rendered":"<p>[vc_row css_animation=&#8221;&#8221; row_type=&#8221;row&#8221; use_row_as_full_screen_section=&#8221;no&#8221; type=&#8221;grid&#8221; angled_section=&#8221;no&#8221; text_align=&#8221;left&#8221; background_image_as_pattern=&#8221;without_pattern&#8221; padding_top=&#8221;119&#8243; padding_bottom=&#8221;87&#8243; z_index=&#8221;&#8221; css=&#8221;.vc_custom_1515745451587{background-color: #ffffff !important;}&#8221;][vc_column offset=&#8221;vc_col-md-6&#8243;][vc_separator type=&#8221;transparent&#8221; up=&#8221;-18&#8243;][vc_column_text] Profesionalios paslaugos [\/vc_column_text][vc_separator type=&#8221;small&#8221; position=&#8221;left&#8221; color=&#8221;#00a184&#8243; thickness=&#8221;4&#8243; width=&#8221;48&#8243; up=&#8221;17&#8243; down=&#8221;27&#8243;][vc_column_text] Pagrindin\u0117 m\u016bs\u0173 veiklos sritis \u2013 auk\u0161\u010diausios kokyb\u0117s A++ energinio naudingumo lang\u0173, balkono konstrukcij\u0173 ir \u0161arvuot\u0173 dur\u0173 prekyba. \u012emon\u0117s&#8230;<\/p>\n","protected":false},"author":1,"featured_media":0,"parent":0,"menu_order":0,"comment_status":"closed","ping_status":"closed","template":"full_width.php","meta":{"footnotes":""},"_links":{"self":[{"href":"https:\/\/mamutai.lt\/milagna\/wp-json\/wp\/v2\/pages\/132"}],"collection":[{"href":"https:\/\/mamutai.lt\/milagna\/wp-json\/wp\/v2\/pages"}],"about":[{"href":"https:\/\/mamutai.lt\/milagna\/wp-json\/wp\/v2\/types\/page"}],"author":[{"embeddable":true,"href":"https:\/\/mamutai.lt\/milagna\/wp-json\/wp\/v2\/users\/1"}],"replies":[{"embeddable":true,"href":"https:\/\/mamutai.lt\/milagna\/wp-json\/wp\/v2\/comments?post=132"}],"version-history":[{"count":16,"href":"https:\/\/mamutai.lt\/milagna\/wp-json\/wp\/v2\/pages\/132\/revisions"}],"predecessor-version":[{"id":1007,"href":"https:\/\/mamutai.lt\/milagna\/wp-json\/wp\/v2\/pages\/132\/revisions\/1007"}],"wp:attachment":[{"href":"https:\/\/mamutai.lt\/milagna\/wp-json\/wp\/v2\/media?parent=132"}],"curies":[{"name":"wp","href":"https:\/\/api.w.org\/{rel}","templated":true}]}}